{"id":10631,"date":"2024-08-29T20:47:32","date_gmt":"2024-08-29T20:47:32","guid":{"rendered":"http:\/\/www.jsmc.be\/wp\/?page_id=10631"},"modified":"2025-12-06T16:12:47","modified_gmt":"2025-12-06T16:12:47","slug":"tarifs-2024-2025","status":"publish","type":"page","link":"https:\/\/www.jsmc.be\/wp\/?page_id=10631","title":{"rendered":"Tarifs 2025-26"},"content":{"rendered":"\n<div class=\"wp-block-group\"><div class=\"wp-block-group__inner-container is-layout-constrained wp-block-group-is-layout-constrained\">\n<table id=\"tablepress-21\" class=\"tablepress tablepress-id-21 table-comite\">\n<thead>\n<tr class=\"row-1 odd\">\n\t<th class=\"column-1\">Cat\u00e9gorie<\/th><th class=\"column-2\">Tarifs (en \u20ac)<\/th>\n<\/tr>\n<\/thead>\n<tbody class=\"row-hover\">\n<tr class=\"row-2 even\">\n\t<td class=\"column-1\">KANGOUROUS (2019)<\/td><td class=\"column-2\">120<\/td>\n<\/tr>\n<tr class=\"row-3 odd\">\n\t<td class=\"column-1\">BENJAMINS (2017-18)<\/td><td class=\"column-2\">200<\/td>\n<\/tr>\n<tr class=\"row-4 even\">\n\t<td class=\"column-1\">PUPILLES (2015-16)<\/td><td class=\"column-2\">200<\/td>\n<\/tr>\n<tr class=\"row-5 odd\">\n\t<td class=\"column-1\">MINIMES (2013-14)<\/td><td class=\"column-2\">200<\/td>\n<\/tr>\n<tr class=\"row-6 even\">\n\t<td class=\"column-1\">CADETS (2011-12)<\/td><td class=\"column-2\">220<\/td>\n<\/tr>\n<tr class=\"row-7 odd\">\n\t<td class=\"column-1\">SCOLAIRES (2009-10)<\/td><td class=\"column-2\">220<\/td>\n<\/tr>\n<tr class=\"row-8 even\">\n\t<td class=\"column-1\">JUNIORS ET + (-2008)<\/td><td class=\"column-2\">220<\/td>\n<\/tr>\n<\/tbody>\n<\/table>\n<!-- #tablepress-21 from cache --><\/div><\/div>\n\n\n\n<div class=\"wp-block-group carte-vert\"><div class=\"wp-block-group__inner-container is-layout-constrained wp-block-group-is-layout-constrained\">\n<div class=\"wp-block-group\"><div class=\"wp-block-group__inner-container is-layout-constrained wp-block-group-is-layout-constrained\">\n<p><em>Les tarifs incluent l&#8217;inscription \u00e0 la ligue &#8220;LBFA&#8221; et l&#8217;assurance<\/em><\/p>\n<\/div><\/div>\n\n\n\n<p><strong>Tarifs sp\u00e9ciaux:<\/strong><\/p>\n\n\n\n<p>Pour les universitaires et autres demandes particuli\u00e8res, veuillez envoyer un e-mail \u00e0 <strong>secretariat@jsmc.be <\/strong>pour une \u00e9tude de votre cas particulier<\/p>\n\n\n\n<p>Donn\u00e9es bancaires : BE32 1091 0153 5902<\/p>\n\n\n\n<p>Pour toute question ou information compl\u00e9mentaire, n&#8217;h\u00e9sitez pas \u00e0 nous contacter. Nous avons h\u00e2te de vous accueillir pour une nouvelle saison pleine d&#8217;\u00e9nergie et de succ\u00e8s !<\/p>\n<\/div><\/div>\n\n\n\n<p><\/p>\n\n\n\n<p><\/p>\n","protected":false},"excerpt":{"rendered":"<p>Les tarifs incluent l&#8217;inscription \u00e0 la ligue &#8220;LBFA&#8221; et l&#8217;assurance Tarifs sp\u00e9ciaux: Pour les universitaires et autres demandes particuli\u00e8res, veuillez envoyer un e-mail \u00e0 secretariat@jsmc.be pour une \u00e9tude de votre cas particulier Donn\u00e9es bancaires : BE32 1091 0153 5902 Pour toute question ou information compl\u00e9mentaire, n&#8217;h\u00e9sitez pas \u00e0 nous contacter. Nous avons h\u00e2te de vous [&hellip;]<\/p>\n","protected":false},"author":5,"featured_media":0,"parent":0,"menu_order":0,"comment_status":"closed","ping_status":"closed","template":"","meta":{"sfsi_plus_gutenberg_text_before_share":"","sfsi_plus_gutenberg_show_text_before_share":"","sfsi_plus_gutenberg_icon_type":"","sfsi_plus_gutenberg_icon_alignemt":"","sfsi_plus_gutenburg_max_per_row":"","footnotes":""},"_links":{"self":[{"href":"https:\/\/www.jsmc.be\/wp\/index.php?rest_route=\/wp\/v2\/pages\/10631"}],"collection":[{"href":"https:\/\/www.jsmc.be\/wp\/index.php?rest_route=\/wp\/v2\/pages"}],"about":[{"href":"https:\/\/www.jsmc.be\/wp\/index.php?rest_route=\/wp\/v2\/types\/page"}],"author":[{"embeddable":true,"href":"https:\/\/www.jsmc.be\/wp\/index.php?rest_route=\/wp\/v2\/users\/5"}],"replies":[{"embeddable":true,"href":"https:\/\/www.jsmc.be\/wp\/index.php?rest_route=%2Fwp%2Fv2%2Fcomments&post=10631"}],"version-history":[{"count":6,"href":"https:\/\/www.jsmc.be\/wp\/index.php?rest_route=\/wp\/v2\/pages\/10631\/revisions"}],"predecessor-version":[{"id":13249,"href":"https:\/\/www.jsmc.be\/wp\/index.php?rest_route=\/wp\/v2\/pages\/10631\/revisions\/13249"}],"wp:attachment":[{"href":"https:\/\/www.jsmc.be\/wp\/index.php?rest_route=%2Fwp%2Fv2%2Fmedia&parent=10631"}],"curies":[{"name":"wp","href":"https:\/\/api.w.org\/{rel}","templated":true}]}}