{"id":10661,"date":"2024-08-31T09:23:44","date_gmt":"2024-08-31T09:23:44","guid":{"rendered":"http:\/\/www.jsmc.be\/wp\/?page_id=10661"},"modified":"2025-11-27T17:05:06","modified_gmt":"2025-11-27T17:05:06","slug":"documents-a-telecharger","status":"publish","type":"page","link":"https:\/\/www.jsmc.be\/wp\/?page_id=10661","title":{"rendered":"Documents"},"content":{"rendered":"\n<div class=\"wp-block-group carte-vert\"><div class=\"wp-block-group__inner-container is-layout-constrained wp-block-group-is-layout-constrained\">\n<p>Vous pouvez t\u00e9l\u00e9charger les documents n\u00e9cessaires en cliquant sur les liens ci-dessous<\/p>\n\n\n\n<p>Pour tout document officiel destin\u00e9 au secr\u00e9tariat ou au comit\u00e9, veuillez les d\u00e9poser dans la bo\u00eete aux lettres du club situ\u00e9e \u00e0 l&#8217;entr\u00e9e de la piste<\/p>\n\n\n\n<p>Merci pour votre coop\u00e9ration !<\/p>\n\n\n\n<div class=\"wp-block-file\"><a id=\"wp-block-file--media-12e48436-3e83-4063-9b72-df4192afb066\" href=\"http:\/\/www.jsmc.be\/wp\/wp-content\/uploads\/2025\/01\/Guide-athletiek.nu_.pdf\">Guide atletiek.nu<\/a><\/div>\n\n\n\n<div class=\"wp-block-file\"><a id=\"wp-block-file--media-3f558b9d-c95c-457a-af9e-ddc5333fce4d\" href=\"http:\/\/www.jsmc.be\/wp\/wp-content\/uploads\/2025\/08\/Attestation-sur-lhonneur-25-26.pdf\" target=\"_blank\" rel=\"noreferrer noopener\">Attestation sur l&#8217;honneur 25-26<\/a><\/div>\n<\/div><\/div>\n","protected":false},"excerpt":{"rendered":"<p>Vous pouvez t\u00e9l\u00e9charger les documents n\u00e9cessaires en cliquant sur les liens ci-dessous Pour tout document officiel destin\u00e9 au secr\u00e9tariat ou au comit\u00e9, veuillez les d\u00e9poser dans la bo\u00eete aux lettres du club situ\u00e9e \u00e0 l&#8217;entr\u00e9e de la piste Merci pour votre coop\u00e9ration !<\/p>\n","protected":false},"author":5,"featured_media":0,"parent":0,"menu_order":0,"comment_status":"closed","ping_status":"closed","template":"","meta":{"sfsi_plus_gutenberg_text_before_share":"","sfsi_plus_gutenberg_show_text_before_share":"","sfsi_plus_gutenberg_icon_type":"","sfsi_plus_gutenberg_icon_alignemt":"","sfsi_plus_gutenburg_max_per_row":"","footnotes":""},"_links":{"self":[{"href":"https:\/\/www.jsmc.be\/wp\/index.php?rest_route=\/wp\/v2\/pages\/10661"}],"collection":[{"href":"https:\/\/www.jsmc.be\/wp\/index.php?rest_route=\/wp\/v2\/pages"}],"about":[{"href":"https:\/\/www.jsmc.be\/wp\/index.php?rest_route=\/wp\/v2\/types\/page"}],"author":[{"embeddable":true,"href":"https:\/\/www.jsmc.be\/wp\/index.php?rest_route=\/wp\/v2\/users\/5"}],"replies":[{"embeddable":true,"href":"https:\/\/www.jsmc.be\/wp\/index.php?rest_route=%2Fwp%2Fv2%2Fcomments&post=10661"}],"version-history":[{"count":7,"href":"https:\/\/www.jsmc.be\/wp\/index.php?rest_route=\/wp\/v2\/pages\/10661\/revisions"}],"predecessor-version":[{"id":11287,"href":"https:\/\/www.jsmc.be\/wp\/index.php?rest_route=\/wp\/v2\/pages\/10661\/revisions\/11287"}],"wp:attachment":[{"href":"https:\/\/www.jsmc.be\/wp\/index.php?rest_route=%2Fwp%2Fv2%2Fmedia&parent=10661"}],"curies":[{"name":"wp","href":"https:\/\/api.w.org\/{rel}","templated":true}]}}