{"id":10743,"date":"2024-09-08T13:16:08","date_gmt":"2024-09-08T13:16:08","guid":{"rendered":"http:\/\/www.jsmc.be\/wp\/?page_id=10743"},"modified":"2026-01-26T12:44:25","modified_gmt":"2026-01-26T12:44:25","slug":"contact-jsmc","status":"publish","type":"page","link":"https:\/\/www.jsmc.be\/wp\/?page_id=10743","title":{"rendered":"Contact"},"content":{"rendered":"\n<div class=\"wp-block-group carte-vert\"><div class=\"wp-block-group__inner-container is-layout-constrained wp-block-group-is-layout-constrained\">\n<h2 class=\"wp-block-heading\">Secr\u00e9tariat (contact privil\u00e9gi\u00e9) :<\/h2>\n\n\n\n<p>Antoine Dudek<\/p>\n\n\n\n<p>Mail : secretariat@jsmc.be<\/p>\n\n\n\n<p>T\u00e9l\u00e9phone : +32 492 10 58 83<\/p>\n<\/div><\/div>\n\n\n\n<div class=\"wp-block-group carte-vert\"><div class=\"wp-block-group__inner-container is-layout-constrained wp-block-group-is-layout-constrained\">\n<h2 class=\"wp-block-heading\">Pr\u00e9sident :<\/h2>\n\n\n\n<p>Charles Seynave<\/p>\n\n\n\n<p>Mail : president@jsmc.be<\/p>\n<\/div><\/div>\n\n\n\n<div class=\"wp-block-group carte-vert\"><div class=\"wp-block-group__inner-container is-layout-constrained wp-block-group-is-layout-constrained\">\n<h2 class=\"wp-block-heading\">Responsable des entra\u00eenements :<\/h2>\n\n\n\n<p>Guillaume Zaffuto<\/p>\n\n\n\n<p>T\u00e9l\u00e9phone : +32 478 03 35 98<\/p>\n<\/div><\/div>\n\n\n\n<div class=\"wp-block-group carte-vert\"><div class=\"wp-block-group__inner-container is-layout-constrained wp-block-group-is-layout-constrained\">\n<h2 class=\"wp-block-heading\">Donn\u00e9es bancaires :<\/h2>\n\n\n\n<p>BE32 1091 0153 5902<\/p>\n<\/div><\/div>\n\n\n\n<div class=\"wp-block-group carte-vert\"><div class=\"wp-block-group__inner-container is-layout-constrained wp-block-group-is-layout-constrained\">\n<h2 class=\"wp-block-heading\">R\u00e9seaux :<\/h2>\n\n\n\n<p><a href=\"https:\/\/www.facebook.com\/profile.php?id=100057079166048\" target=\"_blank\" rel=\"noreferrer noopener\">Lien vers Facebook<\/a><\/p>\n<\/div><\/div>\n\n\n\n<div class=\"wp-block-group carte-vert\"><div class=\"wp-block-group__inner-container is-layout-constrained wp-block-group-is-layout-constrained\">\n<h2 class=\"wp-block-heading\">Adresse du stade :<\/h2>\n\n\n\n<p>Rue de la Barri\u00e8re Leclercq, 11<\/p>\n\n\n\n<p>7711 Dottignies<\/p>\n<\/div><\/div>\n\n\n\n<iframe src=\"https:\/\/www.google.com\/maps\/embed?pb=!1m18!1m12!1m3!1d2525.2783302567586!2d3.2816975443506897!3d50.73332642249761!2m3!1f0!2f0!3f0!3m2!1i1024!2i768!4f13.1!3m3!1m2!1s0x47c3241593592a51%3A0x6cb1bb178c054264!2sMouscron%20Athl%C3%A9tisme%20-%20JSMC!5e0!3m2!1sfr!2sbe!4v1725799540233!5m2!1sfr!2sbe\" width=\"600\" height=\"450\" style=\"border:0;\" allowfullscreen=\"\" loading=\"lazy\" referrerpolicy=\"no-referrer-when-downgrade\"><\/iframe>\n\n\n\n<figure class=\"wp-block-image size-full\"><img loading=\"lazy\" decoding=\"async\" width=\"769\" height=\"745\" src=\"http:\/\/www.jsmc.be\/wp\/wp-content\/uploads\/2025\/11\/plan-acces-jsmc-WAL-jpg.jpg\" alt=\"\" class=\"wp-image-11321\" srcset=\"https:\/\/www.jsmc.be\/wp\/wp-content\/uploads\/2025\/11\/plan-acces-jsmc-WAL-jpg.jpg 769w, https:\/\/www.jsmc.be\/wp\/wp-content\/uploads\/2025\/11\/plan-acces-jsmc-WAL-jpg-300x291.jpg 300w, https:\/\/www.jsmc.be\/wp\/wp-content\/uploads\/2025\/11\/plan-acces-jsmc-WAL-jpg-150x145.jpg 150w\" sizes=\"(max-width: 769px) 100vw, 769px\" \/><\/figure>\n\n\n\n<figure class=\"wp-block-image size-full\"><img loading=\"lazy\" decoding=\"async\" width=\"769\" height=\"745\" src=\"http:\/\/www.jsmc.be\/wp\/wp-content\/uploads\/2025\/11\/plan-acces-jsmc-VLA-jpg.jpg\" alt=\"\" class=\"wp-image-11319\" srcset=\"https:\/\/www.jsmc.be\/wp\/wp-content\/uploads\/2025\/11\/plan-acces-jsmc-VLA-jpg.jpg 769w, https:\/\/www.jsmc.be\/wp\/wp-content\/uploads\/2025\/11\/plan-acces-jsmc-VLA-jpg-300x291.jpg 300w, https:\/\/www.jsmc.be\/wp\/wp-content\/uploads\/2025\/11\/plan-acces-jsmc-VLA-jpg-150x145.jpg 150w\" sizes=\"(max-width: 769px) 100vw, 769px\" \/><\/figure>\n","protected":false},"excerpt":{"rendered":"<p>Secr\u00e9tariat (contact privil\u00e9gi\u00e9) : Antoine Dudek Mail : secretariat@jsmc.be T\u00e9l\u00e9phone : +32 492 10 58 83 Pr\u00e9sident : Charles Seynave Mail : president@jsmc.be Responsable des entra\u00eenements : Guillaume Zaffuto T\u00e9l\u00e9phone : +32 478 03 35 98 Donn\u00e9es bancaires : BE32 1091 0153 5902 R\u00e9seaux : Lien vers Facebook Adresse du stade : Rue de la [&hellip;]<\/p>\n","protected":false},"author":5,"featured_media":0,"parent":0,"menu_order":0,"comment_status":"closed","ping_status":"closed","template":"","meta":{"sfsi_plus_gutenberg_text_before_share":"","sfsi_plus_gutenberg_show_text_before_share":"","sfsi_plus_gutenberg_icon_type":"","sfsi_plus_gutenberg_icon_alignemt":"","sfsi_plus_gutenburg_max_per_row":"","footnotes":""},"_links":{"self":[{"href":"https:\/\/www.jsmc.be\/wp\/index.php?rest_route=\/wp\/v2\/pages\/10743"}],"collection":[{"href":"https:\/\/www.jsmc.be\/wp\/index.php?rest_route=\/wp\/v2\/pages"}],"about":[{"href":"https:\/\/www.jsmc.be\/wp\/index.php?rest_route=\/wp\/v2\/types\/page"}],"author":[{"embeddable":true,"href":"https:\/\/www.jsmc.be\/wp\/index.php?rest_route=\/wp\/v2\/users\/5"}],"replies":[{"embeddable":true,"href":"https:\/\/www.jsmc.be\/wp\/index.php?rest_route=%2Fwp%2Fv2%2Fcomments&post=10743"}],"version-history":[{"count":13,"href":"https:\/\/www.jsmc.be\/wp\/index.php?rest_route=\/wp\/v2\/pages\/10743\/revisions"}],"predecessor-version":[{"id":13315,"href":"https:\/\/www.jsmc.be\/wp\/index.php?rest_route=\/wp\/v2\/pages\/10743\/revisions\/13315"}],"wp:attachment":[{"href":"https:\/\/www.jsmc.be\/wp\/index.php?rest_route=%2Fwp%2Fv2%2Fmedia&parent=10743"}],"curies":[{"name":"wp","href":"https:\/\/api.w.org\/{rel}","templated":true}]}}