{"id":10767,"date":"2024-09-08T14:08:04","date_gmt":"2024-09-08T14:08:04","guid":{"rendered":"http:\/\/www.jsmc.be\/wp\/?page_id=10767"},"modified":"2025-11-27T18:15:38","modified_gmt":"2025-11-27T18:15:38","slug":"horaires-2024-2025","status":"publish","type":"page","link":"https:\/\/www.jsmc.be\/wp\/?page_id=10767","title":{"rendered":"Horaires 2025-2026"},"content":{"rendered":"\n<table id=\"tablepress-2\" class=\"tablepress tablepress-id-2 table-comite\">\n<thead>\n<tr class=\"row-1 odd\">\n\t<th class=\"column-1\">Cat\u00e9gorie<strong><\/th><th class=\"column-2\">Horaire<strong><\/th>\n<\/tr>\n<\/thead>\n<tbody class=\"row-hover\">\n<tr class=\"row-2 even\">\n\t<td class=\"column-1\">KANGOUROUS (2019)<\/td><td class=\"column-2\">Mercredi 14h30- 16h00<\/td>\n<\/tr>\n<tr class=\"row-3 odd\">\n\t<td class=\"column-1\">BENJAMINS (2017-18)<\/td><td class=\"column-2\">Mercredi 14h30 &#8211; 16h00<br \/>\nVendredi 17h30 &#8211; 19h00<\/td>\n<\/tr>\n<tr class=\"row-4 even\">\n\t<td class=\"column-1\">PUPILLES (2015-16)<\/td><td class=\"column-2\">Mercredi 14h30 &#8211; 16h00<br \/>\r\nVendredi 17h30 &#8211; 19h00<\/td>\n<\/tr>\n<tr class=\"row-5 odd\">\n\t<td class=\"column-1\">MINIMES (2013-14)<\/td><td class=\"column-2\">Mercredi 16h00 &#8211; 18h00<br \/>\nVendredi 17h30 &#8211; 19h30<\/td>\n<\/tr>\n<tr class=\"row-6 even\">\n\t<td class=\"column-1\">CADETS (2011-12)<\/td><td class=\"column-2\">Mercredi 17h30 &#8211; 19h30  <br \/>\nVendredi 18h00 &#8211; 20h00 <br \/>\nSamedi 10h00 &#8211; 12h00<\/td>\n<\/tr>\n<tr class=\"row-7 odd\">\n\t<td class=\"column-1\">SCOLAIRES ET + (-2010)<\/td><td class=\"column-2\">Mercredi 17h30 &#8211; 19h30<br \/>\nVendredi 18h00 &#8211; 20h00<br \/>\nSamedi 10h00 &#8211; 12h00<\/td>\n<\/tr>\n<\/tbody>\n<\/table>\n<!-- #tablepress-2 from cache -->\n\n\n<div class=\"wp-block-group carte-vert\"><div class=\"wp-block-group__inner-container is-layout-constrained wp-block-group-is-layout-constrained\">\n<p>Les entrainements se d\u00e9roulent sur la piste du Futurosport, rue de la Barri\u00e8re Leclercq, 11 &#8211; 7711 Dottignies<\/p>\n\n\n\n<p>Pour toute question ou information compl\u00e9mentaire sur les horaires des entra\u00eenements, n\u2019h\u00e9sitez pas \u00e0 nous contacter. Nous avons h\u00e2te de vous accueillir pour une saison sportive pleine d\u2019\u00e9nergie et de succ\u00e8s !<\/p>\n<\/div><\/div>\n","protected":false},"excerpt":{"rendered":"<p>Les entrainements se d\u00e9roulent sur la piste du Futurosport, rue de la Barri\u00e8re Leclercq, 11 &#8211; 7711 Dottignies Pour toute question ou information compl\u00e9mentaire sur les horaires des entra\u00eenements, n\u2019h\u00e9sitez pas \u00e0 nous contacter. Nous avons h\u00e2te de vous accueillir pour une saison sportive pleine d\u2019\u00e9nergie et de succ\u00e8s !<\/p>\n","protected":false},"author":5,"featured_media":0,"parent":0,"menu_order":0,"comment_status":"closed","ping_status":"closed","template":"","meta":{"sfsi_plus_gutenberg_text_before_share":"","sfsi_plus_gutenberg_show_text_before_share":"","sfsi_plus_gutenberg_icon_type":"","sfsi_plus_gutenberg_icon_alignemt":"","sfsi_plus_gutenburg_max_per_row":"","footnotes":""},"_links":{"self":[{"href":"https:\/\/www.jsmc.be\/wp\/index.php?rest_route=\/wp\/v2\/pages\/10767"}],"collection":[{"href":"https:\/\/www.jsmc.be\/wp\/index.php?rest_route=\/wp\/v2\/pages"}],"about":[{"href":"https:\/\/www.jsmc.be\/wp\/index.php?rest_route=\/wp\/v2\/types\/page"}],"author":[{"embeddable":true,"href":"https:\/\/www.jsmc.be\/wp\/index.php?rest_route=\/wp\/v2\/users\/5"}],"replies":[{"embeddable":true,"href":"https:\/\/www.jsmc.be\/wp\/index.php?rest_route=%2Fwp%2Fv2%2Fcomments&post=10767"}],"version-history":[{"count":9,"href":"https:\/\/www.jsmc.be\/wp\/index.php?rest_route=\/wp\/v2\/pages\/10767\/revisions"}],"predecessor-version":[{"id":11335,"href":"https:\/\/www.jsmc.be\/wp\/index.php?rest_route=\/wp\/v2\/pages\/10767\/revisions\/11335"}],"wp:attachment":[{"href":"https:\/\/www.jsmc.be\/wp\/index.php?rest_route=%2Fwp%2Fv2%2Fmedia&parent=10767"}],"curies":[{"name":"wp","href":"https:\/\/api.w.org\/{rel}","templated":true}]}}