{"id":11445,"date":"2025-11-29T17:12:22","date_gmt":"2025-11-29T17:12:22","guid":{"rendered":"https:\/\/www.jsmc.be\/wp\/?page_id=11445"},"modified":"2026-01-29T10:45:22","modified_gmt":"2026-01-29T10:45:22","slug":"benevoles-et-officiels","status":"publish","type":"page","link":"https:\/\/www.jsmc.be\/wp\/?page_id=11445","title":{"rendered":"B\u00e9n\u00e9voles"},"content":{"rendered":"\n<div class=\"wp-block-group carte-vert\"><div class=\"wp-block-group__inner-container is-layout-constrained wp-block-group-is-layout-constrained\">\n<p>Notre club compte sur le soutien de b\u00e9n\u00e9voles sans qui le club ne pourrait pas fonctionner<\/p>\n\n\n\n<p>Le club souhaite donc les remercier chaleureusement pour leur aide: que ce soit l&#8217;\u00e9quipe bar ou toutes les personnes qui apportent leur aide lors des comp\u00e9titions (estafettes, secr\u00e9tariat, entr\u00e9e, mat\u00e9riel, catering, &#8230;)<\/p>\n\n\n\n<p>Si vous souhaitez aider le club en rejoignant notre \u00e9quipe de b\u00e9n\u00e9voles, veuillez contacter Charles Seynave (president@jsmc.be)<\/p>\n<\/div><\/div>\n\n\n\n<table id=\"tablepress-37\" class=\"tablepress tablepress-id-37 table-comite\">\n<thead>\n<tr class=\"row-1 odd\">\n\t<th class=\"column-1\">Equipe bar<\/th>\n<\/tr>\n<\/thead>\n<tbody class=\"row-hover\">\n<tr class=\"row-2 even\">\n\t<td class=\"column-1\">C\u00e9line Parez<\/td>\n<\/tr>\n<tr class=\"row-3 odd\">\n\t<td class=\"column-1\">Nicolas Ledoux<\/td>\n<\/tr>\n<tr class=\"row-4 even\">\n\t<td class=\"column-1\">Paul Arnould<\/td>\n<\/tr>\n<tr class=\"row-5 odd\">\n\t<td class=\"column-1\">Philippe Leclercq<\/td>\n<\/tr>\n<tr class=\"row-6 even\">\n\t<td class=\"column-1\">Robin Seynaeve<\/td>\n<\/tr>\n<tr class=\"row-7 odd\">\n\t<td class=\"column-1\">Samuel De Beys<\/td>\n<\/tr>\n<\/tbody>\n<\/table>\n<!-- #tablepress-37 from cache -->","protected":false},"excerpt":{"rendered":"<p>Notre club compte sur le soutien de b\u00e9n\u00e9voles sans qui le club ne pourrait pas fonctionner Le club souhaite donc les remercier chaleureusement pour leur aide: que ce soit l&#8217;\u00e9quipe bar ou toutes les personnes qui apportent leur aide lors des comp\u00e9titions (estafettes, secr\u00e9tariat, entr\u00e9e, mat\u00e9riel, catering, &#8230;) Si vous souhaitez aider le club en [&hellip;]<\/p>\n","protected":false},"author":1,"featured_media":0,"parent":0,"menu_order":0,"comment_status":"closed","ping_status":"closed","template":"","meta":{"sfsi_plus_gutenberg_text_before_share":"","sfsi_plus_gutenberg_show_text_before_share":"","sfsi_plus_gutenberg_icon_type":"","sfsi_plus_gutenberg_icon_alignemt":"","sfsi_plus_gutenburg_max_per_row":"","footnotes":""},"_links":{"self":[{"href":"https:\/\/www.jsmc.be\/wp\/index.php?rest_route=\/wp\/v2\/pages\/11445"}],"collection":[{"href":"https:\/\/www.jsmc.be\/wp\/index.php?rest_route=\/wp\/v2\/pages"}],"about":[{"href":"https:\/\/www.jsmc.be\/wp\/index.php?rest_route=\/wp\/v2\/types\/page"}],"author":[{"embeddable":true,"href":"https:\/\/www.jsmc.be\/wp\/index.php?rest_route=\/wp\/v2\/users\/1"}],"replies":[{"embeddable":true,"href":"https:\/\/www.jsmc.be\/wp\/index.php?rest_route=%2Fwp%2Fv2%2Fcomments&post=11445"}],"version-history":[{"count":3,"href":"https:\/\/www.jsmc.be\/wp\/index.php?rest_route=\/wp\/v2\/pages\/11445\/revisions"}],"predecessor-version":[{"id":13689,"href":"https:\/\/www.jsmc.be\/wp\/index.php?rest_route=\/wp\/v2\/pages\/11445\/revisions\/13689"}],"wp:attachment":[{"href":"https:\/\/www.jsmc.be\/wp\/index.php?rest_route=%2Fwp%2Fv2%2Fmedia&parent=11445"}],"curies":[{"name":"wp","href":"https:\/\/api.w.org\/{rel}","templated":true}]}}