{"id":11469,"date":"2025-11-29T17:38:32","date_gmt":"2025-11-29T17:38:32","guid":{"rendered":"https:\/\/www.jsmc.be\/wp\/?page_id=11469"},"modified":"2025-11-29T17:46:10","modified_gmt":"2025-11-29T17:46:10","slug":"ethique","status":"publish","type":"page","link":"https:\/\/www.jsmc.be\/wp\/?page_id=11469","title":{"rendered":"\u00c9thique"},"content":{"rendered":"\n<div class=\"wp-block-group carte-vert\"><div class=\"wp-block-group__inner-container is-layout-constrained wp-block-group-is-layout-constrained\">\n<p>En vertu des Articles 15 &amp; 16 des R\u00e8gles Antidopage de World Athletics (obligation de mettre en place un m\u00e9canisme de signalement de cas de dopage ou autres situations non conformes) et de l\u2019Article 8 du D\u00e9cret du 20 mars 2014 portant diverses mesures en faveur de l\u2019\u00e9thique dans le sport, la LBFA a d\u00e9sign\u00e9 <strong>Jessica Mayon<\/strong> et <strong>Daniel Hoffman<\/strong> comme R\u00e9f\u00e9rents Ethique.<\/p>\n\n\n\n<p><br>Les athl\u00e8tes et tout personnel d\u2019encadrement peuvent contacter le R\u00e9f\u00e9rent Ethique pour :<\/p>\n\n\n\n<ul>\n<li>signalement des cas de dopage ou soup\u00e7ons de dopage ;<\/li>\n\n\n\n<li>actes d\u2019intimidation ou menaces prof\u00e9r\u00e9es par le personnel d\u2019encadrement \u00e0 l\u2019encontre d\u2019athl\u00e8tes ou d\u2019agents de contr\u00f4le antidopage &#8211; toutes formes de harc\u00e8lement et violence (verbal, physique, sexuel) &#8211; questions \u00e9thiques<\/li>\n<\/ul>\n\n\n\n<p>Contact : par mail: <a href=\"mailto:referent.ethique@lbfa.be\">referent.ethique@lbfa.be<\/a><\/p>\n\n\n\n<p><a href=\"https:\/\/www.lbfa.be\/fr\/ethique\" target=\"_blank\" rel=\"noreferrer noopener\">Lien vers la page Ethique de la LBFA<\/a><\/p>\n\n\n\n<div class=\"wp-block-file\"><a id=\"wp-block-file--media-5f21bc01-20bb-4067-b5aa-1b5d2c386225\" href=\"https:\/\/www.jsmc.be\/wp\/wp-content\/uploads\/2025\/11\/Charte_ethique_LBFA.pdf\" target=\"_blank\" rel=\"noreferrer noopener\">Charte_ethique_LBFA<\/a><\/div>\n\n\n\n<p><\/p>\n<\/div><\/div>\n","protected":false},"excerpt":{"rendered":"<p>En vertu des Articles 15 &amp; 16 des R\u00e8gles Antidopage de World Athletics (obligation de mettre en place un m\u00e9canisme de signalement de cas de dopage ou autres situations non conformes) et de l\u2019Article 8 du D\u00e9cret du 20 mars 2014 portant diverses mesures en faveur de l\u2019\u00e9thique dans le sport, la LBFA a d\u00e9sign\u00e9 [&hellip;]<\/p>\n","protected":false},"author":1,"featured_media":0,"parent":0,"menu_order":0,"comment_status":"closed","ping_status":"closed","template":"","meta":{"sfsi_plus_gutenberg_text_before_share":"","sfsi_plus_gutenberg_show_text_before_share":"","sfsi_plus_gutenberg_icon_type":"","sfsi_plus_gutenberg_icon_alignemt":"","sfsi_plus_gutenburg_max_per_row":"","footnotes":""},"_links":{"self":[{"href":"https:\/\/www.jsmc.be\/wp\/index.php?rest_route=\/wp\/v2\/pages\/11469"}],"collection":[{"href":"https:\/\/www.jsmc.be\/wp\/index.php?rest_route=\/wp\/v2\/pages"}],"about":[{"href":"https:\/\/www.jsmc.be\/wp\/index.php?rest_route=\/wp\/v2\/types\/page"}],"author":[{"embeddable":true,"href":"https:\/\/www.jsmc.be\/wp\/index.php?rest_route=\/wp\/v2\/users\/1"}],"replies":[{"embeddable":true,"href":"https:\/\/www.jsmc.be\/wp\/index.php?rest_route=%2Fwp%2Fv2%2Fcomments&post=11469"}],"version-history":[{"count":2,"href":"https:\/\/www.jsmc.be\/wp\/index.php?rest_route=\/wp\/v2\/pages\/11469\/revisions"}],"predecessor-version":[{"id":11479,"href":"https:\/\/www.jsmc.be\/wp\/index.php?rest_route=\/wp\/v2\/pages\/11469\/revisions\/11479"}],"wp:attachment":[{"href":"https:\/\/www.jsmc.be\/wp\/index.php?rest_route=%2Fwp%2Fv2%2Fmedia&parent=11469"}],"curies":[{"name":"wp","href":"https:\/\/api.w.org\/{rel}","templated":true}]}}