{"id":129,"date":"2016-11-02T18:43:56","date_gmt":"2016-11-02T18:43:56","guid":{"rendered":"http:\/\/www.jsmc.be\/wp\/?page_id=129"},"modified":"2025-11-29T16:39:24","modified_gmt":"2025-11-29T16:39:24","slug":"records-du-club","status":"publish","type":"page","link":"https:\/\/www.jsmc.be\/wp\/?page_id=129","title":{"rendered":"Records du Club"},"content":{"rendered":"\n<div class=\"wp-block-group carte-vert\"><div class=\"wp-block-group__inner-container is-layout-constrained wp-block-group-is-layout-constrained\">\n<p>Les diverses pages ci dessous reprennent les tableaux des records du club par cat\u00e9gorie<\/p>\n<p>Merci \u00e0 Arnaud et Bruno pour les recherches qui ont permis de retrouver et mettre \u00e0 jour les diff\u00e9rents records du club<\/p>\n<p>N&#8217;oubliez pas de pr\u00e9venir Mathieu en cas de modification \u00e0 r\u00e9percuter dans les tableaux<\/p>\n<p><a href=\"http:\/\/www.jsmc.be\/wp\/?page_id=157\">Benjamins<\/a>\u00a0 &#8211;\u00a0 <a href=\"http:\/\/www.jsmc.be\/wp\/?page_id=161\">Pupilles<\/a>\u00a0 &#8211;\u00a0 <a href=\"http:\/\/www.jsmc.be\/wp\/?page_id=165\">Minimes<\/a>\u00a0 &#8211;\u00a0 <a href=\"http:\/\/www.jsmc.be\/wp\/?page_id=169\">Cadets<\/a>\u00a0 &#8211;\u00a0 <a href=\"http:\/\/www.jsmc.be\/wp\/?page_id=173\">Scolaires\u00a0 <\/a>&#8211;\u00a0 <a href=\"http:\/\/www.jsmc.be\/wp\/?page_id=177\">Juniors\u00a0 <\/a>&#8211;\u00a0 TC (ci-dessous)<\/p>\n<\/div><\/div>\n\n\n\n<table id=\"tablepress-26\" class=\"tablepress tablepress-id-26 table-comite\">\n<thead>\n<tr class=\"row-1 odd\">\n\t<th class=\"column-1\">Dames Outdoor<\/th><th class=\"column-2\">Perf.<\/th><th class=\"column-3\">Athl\u00e8te<\/th><th class=\"column-4\">Ann\u00e9e<\/th>\n<\/tr>\n<\/thead>\n<tbody class=\"row-hover\">\n<tr class=\"row-2 even\">\n\t<td class=\"column-1\">100 M<\/td><td class=\"column-2\">12&#8243;1 <br \/>\n(12&#8243;32)<\/td><td class=\"column-3\">BOURGEOIS Christine<br \/>\n<\/td><td class=\"column-4\">&lt;79<\/td>\n<\/tr>\n<tr class=\"row-3 odd\">\n\t<td class=\"column-1\">150 M<\/td><td class=\"column-2\">19&#8243;53<\/td><td class=\"column-3\">VANHAMME<br \/>\nCaroline<\/td><td class=\"column-4\">2018<\/td>\n<\/tr>\n<tr class=\"row-4 even\">\n\t<td class=\"column-1\">200 M<\/td><td class=\"column-2\">24&#8217;95<br \/>\n<br \/>\n<\/td><td class=\"column-3\">BOURGEOIS<br \/>\nChristine\t<br \/>\n<\/td><td class=\"column-4\">&lt;79<\/td>\n<\/tr>\n<tr class=\"row-5 odd\">\n\t<td class=\"column-1\">300 M<\/td><td class=\"column-2\">41&#8243;32<\/td><td class=\"column-3\">VANHAMME<br \/>\nCaroline<\/td><td class=\"column-4\">2020<\/td>\n<\/tr>\n<tr class=\"row-6 even\">\n\t<td class=\"column-1\">400 M<\/td><td class=\"column-2\">58&#8243;33<br \/>\n<\/td><td class=\"column-3\">VANHAMME<br \/>\nCaroline<br \/>\n<\/td><td class=\"column-4\">2018<\/td>\n<\/tr>\n<tr class=\"row-7 odd\">\n\t<td class=\"column-1\">800 M<\/td><td class=\"column-2\">2&#8217;11&#8243;14<br \/>\n<\/td><td class=\"column-3\">SOMBAERT<br \/>\nS\u00e9gol\u00e8ne<br \/>\n<\/td><td class=\"column-4\">2010<\/td>\n<\/tr>\n<tr class=\"row-8 even\">\n\t<td class=\"column-1\">1000 M<\/td><td class=\"column-2\">2&#8217;58&#8243;50<\/td><td class=\"column-3\">SOMBAERT<br \/>\nS\u00e9gol\u00e8ne<\/td><td class=\"column-4\">2011<\/td>\n<\/tr>\n<tr class=\"row-9 odd\">\n\t<td class=\"column-1\">1500 M<\/td><td class=\"column-2\">4&#8217;33&#8243;37<br \/>\n<\/td><td class=\"column-3\">SOMBAERT<br \/>\nS\u00e9gol\u00e8ne<br \/>\n<\/td><td class=\"column-4\">2001<\/td>\n<\/tr>\n<tr class=\"row-10 even\">\n\t<td class=\"column-1\">Mile<\/td><td class=\"column-2\">5&#8217;37&#8243;23<br \/>\n<\/td><td class=\"column-3\">STELLIAN<br \/>\nTatiana<br \/>\n<\/td><td class=\"column-4\">2009<\/td>\n<\/tr>\n<tr class=\"row-11 odd\">\n\t<td class=\"column-1\">2000 M<\/td><td class=\"column-2\">6&#8217;36&#8243;20<\/td><td class=\"column-3\">SOMBAERT<br \/>\nS\u00e9gol\u00e8ne<\/td><td class=\"column-4\">2009<\/td>\n<\/tr>\n<tr class=\"row-12 even\">\n\t<td class=\"column-1\">3000 M<\/td><td class=\"column-2\">10&#8217;35&#8221;83<\/td><td class=\"column-3\">LECOEUCHE Ionela<\/td><td class=\"column-4\">2024<\/td>\n<\/tr>\n<tr class=\"row-13 odd\">\n\t<td class=\"column-1\">5000 M<\/td><td class=\"column-2\">19&#8217;00&#8243;40<\/td><td class=\"column-3\">LECOEUCHE Ionela<\/td><td class=\"column-4\">2024<\/td>\n<\/tr>\n<tr class=\"row-14 even\">\n\t<td class=\"column-1\">100 M<br \/>\nHaies<\/td><td class=\"column-2\">14&#8243;56<\/td><td class=\"column-3\">DEGAND<br \/>\nMathilde\t<br \/>\n<\/td><td class=\"column-4\">2017<\/td>\n<\/tr>\n<tr class=\"row-15 odd\">\n\t<td class=\"column-1\">400 M<br \/>\nHaies<\/td><td class=\"column-2\">1&#8217;05&#8243;65<br \/>\n<\/td><td class=\"column-3\">VANOOTEGHEM<br \/>\nPistil<\/td><td class=\"column-4\">2014<\/td>\n<\/tr>\n<tr class=\"row-16 even\">\n\t<td class=\"column-1\">3000 M Steeple<\/td><td class=\"column-2\">12&#8217;31&#8221;16<\/td><td class=\"column-3\">GAUDRY Chlo\u00e9<\/td><td class=\"column-4\">2025<\/td>\n<\/tr>\n<tr class=\"row-17 odd\">\n\t<td class=\"column-1\"><p style=\"color:red\">Semi Marathon<p \/><\/td><td class=\"column-2\"><p style=\"color:red\">1h25&#8243;38<p \/><\/td><td class=\"column-3\"><p style=\"color:red\">STELLIAN<br \/>\nTatiana<p \/><\/td><td class=\"column-4\"><p style=\"color:red\">2025<p \/><\/td>\n<\/tr>\n<tr class=\"row-18 even\">\n\t<td class=\"column-1\"><p style=\"color:red\">Semi Marathon<p \/><\/td><td class=\"column-2\"><p style=\"color:red\">3h07&#8243;49<p \/><\/td><td class=\"column-3\"><p style=\"color:red\">STELLIAN<br \/>\r\nTatiana<p \/><\/td><td class=\"column-4\"><p style=\"color:red\">2025<p \/><\/td>\n<\/tr>\n<tr class=\"row-19 odd\">\n\t<td class=\"column-1\">Hauteur<\/td><td class=\"column-2\">1m65<\/td><td class=\"column-3\">JOYE<br \/>\nClaudine<\/td><td class=\"column-4\">&lt;79<\/td>\n<\/tr>\n<tr class=\"row-20 even\">\n\t<td class=\"column-1\">Longueur<\/td><td class=\"column-2\">5m56<\/td><td class=\"column-3\">GOUBA Ange<\/td><td class=\"column-4\">2025<\/td>\n<\/tr>\n<tr class=\"row-21 odd\">\n\t<td class=\"column-1\">Perche<\/td><td class=\"column-2\">2m70<\/td><td class=\"column-3\">RIXHON<br \/>\nZ\u00e9lie<\/td><td class=\"column-4\">2024<\/td>\n<\/tr>\n<tr class=\"row-22 even\">\n\t<td class=\"column-1\">Triple Saut<\/td><td class=\"column-2\">10m73<\/td><td class=\"column-3\">LIENART<br \/>\nBenedicte<\/td><td class=\"column-4\">1994<\/td>\n<\/tr>\n<tr class=\"row-23 odd\">\n\t<td class=\"column-1\">Poids<\/td><td class=\"column-2\">10m85<\/td><td class=\"column-3\">JOYE<br \/>\nCarine\t<br \/>\n<\/td><td class=\"column-4\">&lt;79<\/td>\n<\/tr>\n<tr class=\"row-24 even\">\n\t<td class=\"column-1\">Disque<\/td><td class=\"column-2\">38m12<\/td><td class=\"column-3\">JOYE<br \/>\nCarine\t<br \/>\n<\/td><td class=\"column-4\">&lt;79<\/td>\n<\/tr>\n<tr class=\"row-25 odd\">\n\t<td class=\"column-1\">Javelot<\/td><td class=\"column-2\">45m78<\/td><td class=\"column-3\">D&#8217;HALLUIN<br \/>\nV\u00e9ronique\t<br \/>\n<\/td><td class=\"column-4\">1992<\/td>\n<\/tr>\n<tr class=\"row-26 even\">\n\t<td class=\"column-1\">Marteau<\/td><td class=\"column-2\">23m55<\/td><td class=\"column-3\">DEBRABAND.<br \/>\nLilou<\/td><td class=\"column-4\">2024<\/td>\n<\/tr>\n<tr class=\"row-27 odd\">\n\t<td class=\"column-1\">4 x 100<\/td><td class=\"column-2\">50&#8243;07<\/td><td class=\"column-3\">DEBRABAND.<br \/>\nLilou<br \/>\nBRAEM<br \/>\nL\u00e9a<br \/>\nLENAERTS<br \/>\nSiriane<br \/>\nLEPERS<br \/>\nEl\u00e9ah<\/td><td class=\"column-4\">2024<\/td>\n<\/tr>\n<tr class=\"row-28 even\">\n\t<td class=\"column-1\">4 x 200 M<\/td><td class=\"column-2\">1&#8217;45&#8243;87<\/td><td class=\"column-3\">VANZEVEREN<br \/>\nC<br \/>\nJOYE<br \/>\nC<br \/>\nBREYNE<br \/>\nE<br \/>\nLEBON<br \/>\nC<br \/>\n<\/td><td class=\"column-4\">1996<\/td>\n<\/tr>\n<tr class=\"row-29 odd\">\n\t<td class=\"column-1\">4 x 400 M<\/td><td class=\"column-2\">4&#8217;13&#8243;92<\/td><td class=\"column-3\">BEGHIN<br \/>\nNoa<br \/>\nVANHAMME<br \/>\nCaroline<br \/>\nLECOEUCHE<br \/>\nIonela<br \/>\nSTURBAUT<br \/>\nL\u00e9a<br \/>\n<\/td><td class=\"column-4\">2018<\/td>\n<\/tr>\n<tr class=\"row-30 even\">\n\t<td class=\"column-1\">4 x 800 M<\/td><td class=\"column-2\">10&#8217;17&#8221;22<\/td><td class=\"column-3\">GAUDRY<br \/>\nChlo\u00e9<br \/>\nLECOEUCHE <br \/>\nIonela<br \/>\nFONSECA <br \/>\nLise<br \/>\nVAN ELSANDRE<br \/>\nChlo\u00e9<\/td><td class=\"column-4\">2025<\/td>\n<\/tr>\n<tr class=\"row-31 odd\">\n\t<td class=\"column-1\">Pentathlon<\/td><td class=\"column-2\">3.411pts<\/td><td class=\"column-3\">JOYE<br \/>\nCarine<\/td><td class=\"column-4\">&lt;79<\/td>\n<\/tr>\n<tr class=\"row-32 even\">\n\t<td class=\"column-1\">Heptathlon<\/td><td class=\"column-2\">4.220pts<\/td><td class=\"column-3\">DEPAUW<br \/>\nMyriam<\/td><td class=\"column-4\">1981<\/td>\n<\/tr>\n<\/tbody>\n<\/table>\n<!-- #tablepress-26 from cache -->\n\n\n<table id=\"tablepress-24\" class=\"tablepress tablepress-id-24 table-comite\">\n<thead>\n<tr class=\"row-1 odd\">\n\t<th class=\"column-1\">Hommes Outdoor<\/th><th class=\"column-2\">Perf.<\/th><th class=\"column-3\">Athl\u00e8te<\/th><th class=\"column-4\">Ann\u00e9e<\/th>\n<\/tr>\n<\/thead>\n<tbody class=\"row-hover\">\n<tr class=\"row-2 even\">\n\t<td class=\"column-1\">100 M<\/td><td class=\"column-2\">10&#8243;94<\/td><td class=\"column-3\">DEBRUYCKER<br \/>\nFran\u00e7ois<\/td><td class=\"column-4\">1992<\/td>\n<\/tr>\n<tr class=\"row-3 odd\">\n\t<td class=\"column-1\">200 M<\/td><td class=\"column-2\">22&#8243;0<br \/>\n(22&#8243;24)<br \/>\n<\/td><td class=\"column-3\">DUBOIS<br \/>\nDidier<\/td><td class=\"column-4\">&lt;79<\/td>\n<\/tr>\n<tr class=\"row-4 even\">\n\t<td class=\"column-1\">300 M<\/td><td class=\"column-2\">36&#8243;28<\/td><td class=\"column-3\">SARTIGNY<br \/>\nTh\u00e9o<\/td><td class=\"column-4\">2024<\/td>\n<\/tr>\n<tr class=\"row-5 odd\">\n\t<td class=\"column-1\">400 M<\/td><td class=\"column-2\">48&#8243;0<br \/>\n(48&#8243;22)<\/td><td class=\"column-3\">DUBOIS<br \/>\nDidier<br \/>\n<br \/>\n<\/td><td class=\"column-4\">&lt;79<\/td>\n<\/tr>\n<tr class=\"row-6 even\">\n\t<td class=\"column-1\">600 M<\/td><td class=\"column-2\">1&#8217;19&#8221;98<\/td><td class=\"column-3\">POBLOME Romain<\/td><td class=\"column-4\">2025<\/td>\n<\/tr>\n<tr class=\"row-7 odd\">\n\t<td class=\"column-1\">800 M<\/td><td class=\"column-2\">1&#8217;48&#8243;60<\/td><td class=\"column-3\">HASSAN<br \/>\nAbdo-Razak<\/td><td class=\"column-4\">2024<\/td>\n<\/tr>\n<tr class=\"row-8 even\">\n\t<td class=\"column-1\">1000 M<\/td><td class=\"column-2\">2&#8217;25&#8243;6<br \/>\n(2&#8217;25&#8243;82)<br \/>\n<\/td><td class=\"column-3\">TYVAERT<br \/>\nAlexandre<br \/>\n<\/td><td class=\"column-4\">1982<\/td>\n<\/tr>\n<tr class=\"row-9 odd\">\n\t<td class=\"column-1\">1500 M<\/td><td class=\"column-2\">3&#8217;44&#8243;68<\/td><td class=\"column-3\">HASSAN<br \/>\nAbdo-Razak<\/td><td class=\"column-4\">2024<\/td>\n<\/tr>\n<tr class=\"row-10 even\">\n\t<td class=\"column-1\">Mile<\/td><td class=\"column-2\">4&#8217;24&#8243;20<\/td><td class=\"column-3\">LAGAE<br \/>\nR\u00e9my<\/td><td class=\"column-4\">2021<\/td>\n<\/tr>\n<tr class=\"row-11 odd\">\n\t<td class=\"column-1\">2000 M<\/td><td class=\"column-2\">5&#8217;30&#8243;54<\/td><td class=\"column-3\">HASSAN<br \/>\nAbdo-Razak<\/td><td class=\"column-4\">2024<\/td>\n<\/tr>\n<tr class=\"row-12 even\">\n\t<td class=\"column-1\">3000 M<\/td><td class=\"column-2\">8&#8217;16&#8243;73<\/td><td class=\"column-3\">MERCIER<br \/>\nClaude<br \/>\n<\/td><td class=\"column-4\">1982<\/td>\n<\/tr>\n<tr class=\"row-13 odd\">\n\t<td class=\"column-1\">2 Miles<\/td><td class=\"column-2\">9&#8217;50&#8243;79<\/td><td class=\"column-3\">LECOEUCHE<br \/>\nArnaud<\/td><td class=\"column-4\">2024<\/td>\n<\/tr>\n<tr class=\"row-14 even\">\n\t<td class=\"column-1\">5000 M<\/td><td class=\"column-2\">14&#8217;26&#8243;00<br \/>\n<br \/>\n<\/td><td class=\"column-3\">LECOEUCHE<br \/>\nArnaud<\/td><td class=\"column-4\">2008<\/td>\n<\/tr>\n<tr class=\"row-15 odd\">\n\t<td class=\"column-1\">10000 M<\/td><td class=\"column-2\">29&#8217;32&#8243;03<br \/>\n<\/td><td class=\"column-3\">MERCIER<br \/>\nClaude<\/td><td class=\"column-4\">1984<\/td>\n<\/tr>\n<tr class=\"row-16 even\">\n\t<td class=\"column-1\">Heure<\/td><td class=\"column-2\">19,195 km<br \/>\n<\/td><td class=\"column-3\">MERCIER<br \/>\nClaude<\/td><td class=\"column-4\">1983<\/td>\n<\/tr>\n<tr class=\"row-17 odd\">\n\t<td class=\"column-1\">Marathon<\/td><td class=\"column-2\">2h20&#8217;03&#8221;<\/td><td class=\"column-3\">MERCIER<br \/>\nClaude<\/td><td class=\"column-4\">1983<\/td>\n<\/tr>\n<tr class=\"row-18 even\">\n\t<td class=\"column-1\">110 M Haies<\/td><td class=\"column-2\">14&#8221;91<\/td><td class=\"column-3\">VERZELE Hugo<\/td><td class=\"column-4\">2025<\/td>\n<\/tr>\n<tr class=\"row-19 odd\">\n\t<td class=\"column-1\">400 M<br \/>\nHaies<\/td><td class=\"column-2\">52&#8243;41<\/td><td class=\"column-3\">LANNOY-BRENNET<br \/>\nJulien<\/td><td class=\"column-4\">2017<\/td>\n<\/tr>\n<tr class=\"row-20 even\">\n\t<td class=\"column-1\">3000 M<br \/>\nSteeple<\/td><td class=\"column-2\">10&#8217;18&#8243;27<\/td><td class=\"column-3\">VANDENBROUCKE<br \/>\nArnaud<\/td><td class=\"column-4\">2022<\/td>\n<\/tr>\n<tr class=\"row-21 odd\">\n\t<td class=\"column-1\">Hauteur<\/td><td class=\"column-2\">2m05<\/td><td class=\"column-3\">SANTELE<br \/>\nPascal<\/td><td class=\"column-4\">1983<\/td>\n<\/tr>\n<tr class=\"row-22 even\">\n\t<td class=\"column-1\">Longueur<\/td><td class=\"column-2\">7m16<\/td><td class=\"column-3\">VERZELE Hugo<\/td><td class=\"column-4\">2025<\/td>\n<\/tr>\n<tr class=\"row-23 odd\">\n\t<td class=\"column-1\">Perche<\/td><td class=\"column-2\">4m50<\/td><td class=\"column-3\">VERZELE Hugo<\/td><td class=\"column-4\">2025<\/td>\n<\/tr>\n<tr class=\"row-24 even\">\n\t<td class=\"column-1\">Triple saut<\/td><td class=\"column-2\">13m73<\/td><td class=\"column-3\">HONDEGHEM<br \/>\nYves<br \/>\nBOCCAREN<br \/>\nJerome<br \/>\n<\/td><td class=\"column-4\">&lt;79<br \/>\n<br \/>\n2002<\/td>\n<\/tr>\n<tr class=\"row-25 odd\">\n\t<td class=\"column-1\">Poids<\/td><td class=\"column-2\">13m57<\/td><td class=\"column-3\">GHESQUIERE<br \/>\nRegis<br \/>\n<\/td><td class=\"column-4\">1990<\/td>\n<\/tr>\n<tr class=\"row-26 even\">\n\t<td class=\"column-1\">Disque<\/td><td class=\"column-2\">42m06<\/td><td class=\"column-3\">GHESQUIERE<br \/>\nRegis<br \/>\n<\/td><td class=\"column-4\">1990<\/td>\n<\/tr>\n<tr class=\"row-27 odd\">\n\t<td class=\"column-1\">Javelot<\/td><td class=\"column-2\">61m52<\/td><td class=\"column-3\">STOUPY Quentin<\/td><td class=\"column-4\">2025<\/td>\n<\/tr>\n<tr class=\"row-28 even\">\n\t<td class=\"column-1\">Marteau<\/td><td class=\"column-2\">42m74<\/td><td class=\"column-3\">GHESQUIERE<br \/>\nRegis<\/td><td class=\"column-4\">1991<\/td>\n<\/tr>\n<tr class=\"row-29 odd\">\n\t<td class=\"column-1\">4 x 100 M<\/td><td class=\"column-2\">42&#8243;5<br \/>\n(42&#8243;72)<br \/>\n<br \/>\n<\/td><td class=\"column-3\">HONDEGHEM<br \/>\nYVES<br \/>\nDEMUNCK<br \/>\nJ<br \/>\nBRAEM<br \/>\nPhilippe<br \/>\nBOUTRIAU<br \/>\nL-P<\/td><td class=\"column-4\"><\/td>\n<\/tr>\n<tr class=\"row-30 even\">\n\t<td class=\"column-1\">4 x 200 M<\/td><td class=\"column-2\">1&#8217;35&#8243;5<br \/>\n(1&#8217;35&#8243;72)<br \/>\n<\/td><td class=\"column-3\">BREYNE<br \/>\nE<br \/>\nVANAERDE<br \/>\nB<br \/>\nBOCCAREN<br \/>\nJ<br \/>\nLECLERCQ<br \/>\nA<br \/>\n<\/td><td class=\"column-4\">2000<\/td>\n<\/tr>\n<tr class=\"row-31 odd\">\n\t<td class=\"column-1\">4 x 400 M<\/td><td class=\"column-2\">3&#8217;23&#8243;87<br \/>\n<\/td><td class=\"column-3\">RASSON<br \/>\nBaptiste<br \/>\nLANNOY-BRENNET<br \/>\nJulien<br \/>\nPOBLOME<br \/>\nRomain<br \/>\nBRAEM<br \/>\nMathieu<\/td><td class=\"column-4\">2019<\/td>\n<\/tr>\n<tr class=\"row-32 even\">\n\t<td class=\"column-1\">4 x 400 M Mixte<\/td><td class=\"column-2\">3&#8217;45&#8221;08<\/td><td class=\"column-3\">POBLOME<br \/>\nRomain<br \/>\nDEMEYERE<br \/>\nViolette<br \/>\nHASSAN<br \/>\nAbdo-Razak<br \/>\nMINGOIA<br \/>\nCarla<\/td><td class=\"column-4\">2025<\/td>\n<\/tr>\n<tr class=\"row-33 odd\">\n\t<td class=\"column-1\">4 x 800 M<\/td><td class=\"column-2\">7&#8217;43&#8243;22<\/td><td class=\"column-3\">MARIAUL<br \/>\nThomas<br \/>\nPOBLOME<br \/>\nRomain<br \/>\nLECOEUCHE<br \/>\nAndreas<br \/>\nHASSAN<br \/>\nAbdo-Razak<\/td><td class=\"column-4\">2024<\/td>\n<\/tr>\n<tr class=\"row-34 even\">\n\t<td class=\"column-1\">Decathlon<\/td><td class=\"column-2\">6.706 pts<\/td><td class=\"column-3\">LECLERCQ Cl\u00e9ment<\/td><td class=\"column-4\">2025<\/td>\n<\/tr>\n<\/tbody>\n<\/table>\n<!-- #tablepress-24 from cache -->\n\n\n<table id=\"tablepress-27\" class=\"tablepress tablepress-id-27 table-comite\">\n<thead>\n<tr class=\"row-1 odd\">\n\t<th class=\"column-1\">Dames Indoor<\/th><th class=\"column-2\">Perf.<\/th><th class=\"column-3\">Athl\u00e8te<\/th><th class=\"column-4\">Ann\u00e9e<\/th>\n<\/tr>\n<\/thead>\n<tbody class=\"row-hover\">\n<tr class=\"row-2 even\">\n\t<td class=\"column-1\"><p style=\"color:red\">60 M<br \/>\nIndoor<p \/><\/td><td class=\"column-2\"><p style=\"color:red\">7&#8243;82<p \/><\/td><td class=\"column-3\"><p style=\"color:red\">MINGOIA<br \/>\nCarla<p \/><\/td><td class=\"column-4\"><p style=\"color:red\">2026<p \/><\/td>\n<\/tr>\n<tr class=\"row-3 odd\">\n\t<td class=\"column-1\"><p style=\"color:red\">200 M<br \/>\nIndoor<p \/><\/td><td class=\"column-2\"><p style=\"color:red\">25&#8243;51<p \/><\/td><td class=\"column-3\"><p style=\"color:red\">MINGOIA<br \/>\nCarla<p \/><\/td><td class=\"column-4\"><p style=\"color:red\">2026<p \/><\/td>\n<\/tr>\n<tr class=\"row-4 even\">\n\t<td class=\"column-1\">300 M<br \/>\n<\/td><td class=\"column-2\">42&#8243;71<\/td><td class=\"column-3\">VANHAMME<br \/>\nCaroline<\/td><td class=\"column-4\">2020<\/td>\n<\/tr>\n<tr class=\"row-5 odd\">\n\t<td class=\"column-1\">400 M<br \/>\nIndoor<\/td><td class=\"column-2\">57&#8243;98<\/td><td class=\"column-3\">VANHAMME<br \/>\nCaroline<\/td><td class=\"column-4\">2020<br \/>\n<\/td>\n<\/tr>\n<tr class=\"row-6 even\">\n\t<td class=\"column-1\">800 M<br \/>\nIndoor<\/td><td class=\"column-2\">2&#8217;23&#8243;54<\/td><td class=\"column-3\">VANHAMME<br \/>\nCaroline<\/td><td class=\"column-4\">2019<\/td>\n<\/tr>\n<tr class=\"row-7 odd\">\n\t<td class=\"column-1\">1000 M<br \/>\nIndoor<\/td><td class=\"column-2\">3&#8217;16&#8243;01<\/td><td class=\"column-3\">LECOEUCHE<br \/>\nIonela<\/td><td class=\"column-4\">2020<\/td>\n<\/tr>\n<tr class=\"row-8 even\">\n\t<td class=\"column-1\">1500 M<br \/>\nIndoor<\/td><td class=\"column-2\">4&#8217;56&#8243;12<\/td><td class=\"column-3\">STELLIAN<br \/>\nTatiana<\/td><td class=\"column-4\">2016<\/td>\n<\/tr>\n<tr class=\"row-9 odd\">\n\t<td class=\"column-1\">60 M Haies<br \/>\nIndoor<\/td><td class=\"column-2\">8&#8243;63<\/td><td class=\"column-3\">DEGAND<br \/>\nMathilde<\/td><td class=\"column-4\">2017<\/td>\n<\/tr>\n<tr class=\"row-10 even\">\n\t<td class=\"column-1\"><p style=\"color:red\">Poids<br \/>\nIndoor<p \/><\/td><td class=\"column-2\"><p style=\"color:red\">10m62<p \/><\/td><td class=\"column-3\"><p style=\"color:red\">DEKIMPE<br \/>\nLisandre<p \/><\/td><td class=\"column-4\"><p style=\"color:red\">2026<p \/><\/td>\n<\/tr>\n<tr class=\"row-11 odd\">\n\t<td class=\"column-1\">Hauteur<br \/>\nIndoor<\/td><td class=\"column-2\">1m65<\/td><td class=\"column-3\">GOUBA<br \/>\nAnge<\/td><td class=\"column-4\">2024<\/td>\n<\/tr>\n<tr class=\"row-12 even\">\n\t<td class=\"column-1\">Longueur<br \/>\nIndoor<\/td><td class=\"column-2\">5m22<\/td><td class=\"column-3\">STURBAUT<br \/>\nL\u00e9a<\/td><td class=\"column-4\">2016<\/td>\n<\/tr>\n<tr class=\"row-13 odd\">\n\t<td class=\"column-1\">Triple Saut <br \/>\nIndoor<\/td><td class=\"column-2\">8m61<\/td><td class=\"column-3\">CALESSE Clara<\/td><td class=\"column-4\">2025<\/td>\n<\/tr>\n<tr class=\"row-14 even\">\n\t<td class=\"column-1\">Perche<br \/>\nIndoor<\/td><td class=\"column-2\">2m20<\/td><td class=\"column-3\">CLAUS<br \/>\nHannah<\/td><td class=\"column-4\">2013<\/td>\n<\/tr>\n<tr class=\"row-15 odd\">\n\t<td class=\"column-1\">Pentathlon<br \/>\nIndoor<\/td><td class=\"column-2\">2.491pts<\/td><td class=\"column-3\">QUINTIN<br \/>\nMarie<\/td><td class=\"column-4\">2016<\/td>\n<\/tr>\n<tr class=\"row-16 even\">\n\t<td class=\"column-1\">4 x 200 M<br \/>\nIndoor<\/td><td class=\"column-2\">1&#8217;50&#8243;87<\/td><td class=\"column-3\">CRAHAY<br \/>\nLucie<br \/>\nDEGAND<br \/>\nMathilde<br \/>\nSTURBAUT<br \/>\nL\u00e9a<br \/>\nTASSART<br \/>\nEmma<\/td><td class=\"column-4\">2018<\/td>\n<\/tr>\n<\/tbody>\n<\/table>\n<!-- #tablepress-27 from cache -->\n\n\n<table id=\"tablepress-25\" class=\"tablepress tablepress-id-25 table-comite\">\n<thead>\n<tr class=\"row-1 odd\">\n\t<th class=\"column-1\">Hommes Indoor<\/th><th class=\"column-2\">Perf.<\/th><th class=\"column-3\">Athl\u00e8te<\/th><th class=\"column-4\">Ann\u00e9e<\/th>\n<\/tr>\n<\/thead>\n<tbody class=\"row-hover\">\n<tr class=\"row-2 even\">\n\t<td class=\"column-1\">60 M<br \/>\nIndoor<\/td><td class=\"column-2\">7&#8243;06<\/td><td class=\"column-3\">GUENE<br \/>\nNoradine<\/td><td class=\"column-4\">2023<\/td>\n<\/tr>\n<tr class=\"row-3 odd\">\n\t<td class=\"column-1\">200 M<br \/>\nIndoor<\/td><td class=\"column-2\">22&#8243;22<\/td><td class=\"column-3\">BRAEM<br \/>\nMathieu<\/td><td class=\"column-4\">2017<\/td>\n<\/tr>\n<tr class=\"row-4 even\">\n\t<td class=\"column-1\">300 M<br \/>\nIndoor<\/td><td class=\"column-2\">36&#8243;90<\/td><td class=\"column-3\">POBLOME<br \/>\nRomain<\/td><td class=\"column-4\">2018<\/td>\n<\/tr>\n<tr class=\"row-5 odd\">\n\t<td class=\"column-1\">400 M<br \/>\nIndoor<\/td><td class=\"column-2\">48&#8243;34<\/td><td class=\"column-3\">DE BRUYCKER<br \/>\nFrancois<\/td><td class=\"column-4\">1996<\/td>\n<\/tr>\n<tr class=\"row-6 even\">\n\t<td class=\"column-1\">800 M<br \/>\nIndoor<\/td><td class=\"column-2\">1&#8217;51&#8221;43<\/td><td class=\"column-3\">HASSAN Abdo-Razak<\/td><td class=\"column-4\">2025<\/td>\n<\/tr>\n<tr class=\"row-7 odd\">\n\t<td class=\"column-1\">1000 M<br \/>\nIndoor<\/td><td class=\"column-2\">2&#8217;29&#8243;83<\/td><td class=\"column-3\">LECOEUCHE<br \/>\nArnaud<\/td><td class=\"column-4\">2003<\/td>\n<\/tr>\n<tr class=\"row-8 even\">\n\t<td class=\"column-1\"><p style=\"color:red\">1500 M<br \/>\nIndoor<p \/><\/td><td class=\"column-2\"><p style=\"color:red\">3&#8217;56&#8243;69<p \/><\/td><td class=\"column-3\"><p style=\"color:red\">DELMEE<br \/>\nOscar<p \/><\/td><td class=\"column-4\"><p style=\"color:red\">2026<p \/><\/td>\n<\/tr>\n<tr class=\"row-9 odd\">\n\t<td class=\"column-1\">3000 M<br \/>\nIndoor<\/td><td class=\"column-2\">8&#8217;36&#8243;27<\/td><td class=\"column-3\">LECOEUCHE<br \/>\nArnaud<\/td><td class=\"column-4\">2002<\/td>\n<\/tr>\n<tr class=\"row-10 even\">\n\t<td class=\"column-1\"><p style=\"color:red\">60 M Haies <br \/>\nIndoor<p \/><\/td><td class=\"column-2\"><p style=\"color:red\">8&#8243;10<p \/><\/td><td class=\"column-3\"><p style=\"color:red\">VERZELE<br \/>\nHugo<p \/><\/td><td class=\"column-4\"><p style=\"color:red\">2026<p \/><\/td>\n<\/tr>\n<tr class=\"row-11 odd\">\n\t<td class=\"column-1\">Poids<br \/>\nIndoor<\/td><td class=\"column-2\">13m43<\/td><td class=\"column-3\">DE GEYTER<br \/>\nOlivier<\/td><td class=\"column-4\">2017<\/td>\n<\/tr>\n<tr class=\"row-12 even\">\n\t<td class=\"column-1\"><p style=\"color:red\">Hauteur <br \/>\nIndoor<p \/><\/td><td class=\"column-2\"><p style=\"color:red\">1m99<p \/><\/td><td class=\"column-3\"><p style=\"color:red\">VERZELE<br \/>\nHugo<p \/><\/td><td class=\"column-4\"><p style=\"color:red\">2026<p \/><\/td>\n<\/tr>\n<tr class=\"row-13 odd\">\n\t<td class=\"column-1\"><p style=\"color:red\">Longueur <br \/>\nIndoor<p \/><\/td><td class=\"column-2\"><p style=\"color:red\">7m11<p \/><\/td><td class=\"column-3\"><p style=\"color:red\">VERZELE<br \/>\nHugo<p \/><\/td><td class=\"column-4\"><p style=\"color:red\">2026<p \/><\/td>\n<\/tr>\n<tr class=\"row-14 even\">\n\t<td class=\"column-1\">Triple Saut<br \/>\nIndoor<\/td><td class=\"column-2\">11m94<\/td><td class=\"column-3\">VERZELE<br \/>\nHugo<\/td><td class=\"column-4\">2023<\/td>\n<\/tr>\n<tr class=\"row-15 odd\">\n\t<td class=\"column-1\"><p style=\"color:red\">Perche<br \/>\nIndoor<p \/><\/td><td class=\"column-2\"><p style=\"color:red\">4m73<p \/><\/td><td class=\"column-3\"><p style=\"color:red\">VERZELE<br \/>\nHugo<p \/><\/td><td class=\"column-4\"><p style=\"color:red\">2026<p \/><\/td>\n<\/tr>\n<tr class=\"row-16 even\">\n\t<td class=\"column-1\"><p style=\"color:red\">Heptathlon<br \/>\nIndoor<p \/><\/td><td class=\"column-2\"><p style=\"color:red\">5.466pts<p \/><\/td><td class=\"column-3\"><p style=\"color:red\">VERZELE<br \/>\nHugo<p \/><\/td><td class=\"column-4\"><p style=\"color:red\">2026<p \/><\/td>\n<\/tr>\n<tr class=\"row-17 odd\">\n\t<td class=\"column-1\">4 x 200 M<br \/>\nIndoor<\/td><td class=\"column-2\">1&#8217;34&#8243;19<\/td><td class=\"column-3\">BRAEM<br \/>\nMathieu<br \/>\nPOBLOME<br \/>\nRomain<br \/>\nRASSON<br \/>\nBaptiste<br \/>\nVANBIERVLIET<br \/>\nMaxime<\/td><td class=\"column-4\">2018<\/td>\n<\/tr>\n<\/tbody>\n<\/table>\n<!-- #tablepress-25 from cache -->","protected":false},"excerpt":{"rendered":"<p>Les diverses pages ci dessous reprennent les tableaux des records du club par cat\u00e9gorie Merci \u00e0 Arnaud et Bruno pour les recherches qui ont permis de retrouver et mettre \u00e0 jour les diff\u00e9rents records du club N&#8217;oubliez pas de pr\u00e9venir Mathieu en cas de modification \u00e0 r\u00e9percuter dans les tableaux Benjamins\u00a0 &#8211;\u00a0 Pupilles\u00a0 &#8211;\u00a0 Minimes\u00a0 [&hellip;]<\/p>\n","protected":false},"author":1,"featured_media":0,"parent":0,"menu_order":0,"comment_status":"closed","ping_status":"closed","template":"","meta":{"sfsi_plus_gutenberg_text_before_share":"","sfsi_plus_gutenberg_show_text_before_share":"","sfsi_plus_gutenberg_icon_type":"","sfsi_plus_gutenberg_icon_alignemt":"","sfsi_plus_gutenburg_max_per_row":"","footnotes":""},"_links":{"self":[{"href":"https:\/\/www.jsmc.be\/wp\/index.php?rest_route=\/wp\/v2\/pages\/129"}],"collection":[{"href":"https:\/\/www.jsmc.be\/wp\/index.php?rest_route=\/wp\/v2\/pages"}],"about":[{"href":"https:\/\/www.jsmc.be\/wp\/index.php?rest_route=\/wp\/v2\/types\/page"}],"author":[{"embeddable":true,"href":"https:\/\/www.jsmc.be\/wp\/index.php?rest_route=\/wp\/v2\/users\/1"}],"replies":[{"embeddable":true,"href":"https:\/\/www.jsmc.be\/wp\/index.php?rest_route=%2Fwp%2Fv2%2Fcomments&post=129"}],"version-history":[{"count":13,"href":"https:\/\/www.jsmc.be\/wp\/index.php?rest_route=\/wp\/v2\/pages\/129\/revisions"}],"predecessor-version":[{"id":11401,"href":"https:\/\/www.jsmc.be\/wp\/index.php?rest_route=\/wp\/v2\/pages\/129\/revisions\/11401"}],"wp:attachment":[{"href":"https:\/\/www.jsmc.be\/wp\/index.php?rest_route=%2Fwp%2Fv2%2Fmedia&parent=129"}],"curies":[{"name":"wp","href":"https:\/\/api.w.org\/{rel}","templated":true}]}}