{"id":13329,"date":"2026-01-26T12:58:52","date_gmt":"2026-01-26T12:58:52","guid":{"rendered":"https:\/\/www.jsmc.be\/wp\/?page_id=13329"},"modified":"2026-04-13T19:41:54","modified_gmt":"2026-04-13T19:41:54","slug":"home","status":"publish","type":"page","link":"https:\/\/www.jsmc.be\/wp\/","title":{"rendered":"Home"},"content":{"rendered":"\n<p class=\"carte-vert\">Merci \u00e0 tous pour votre pr\u00e9sence \u00e0 notre comp\u00e9tition du 11 avril. Ci-dessous, voici les r\u00e9sultats en PDF. Ils seront \u00e9galement disponible durant la semaine sur BeAthletics !<\/p>\n\n\n\n<figure class=\"wp-block-image size-large\"><img loading=\"lazy\" decoding=\"async\" width=\"1024\" height=\"1024\" src=\"https:\/\/www.jsmc.be\/wp\/wp-content\/uploads\/2026\/03\/inskape-1-1024x1024.png\" alt=\"\" class=\"wp-image-13797\" srcset=\"https:\/\/www.jsmc.be\/wp\/wp-content\/uploads\/2026\/03\/inskape-1-1024x1024.png 1024w, https:\/\/www.jsmc.be\/wp\/wp-content\/uploads\/2026\/03\/inskape-1-300x300.png 300w, https:\/\/www.jsmc.be\/wp\/wp-content\/uploads\/2026\/03\/inskape-1-150x150.png 150w, https:\/\/www.jsmc.be\/wp\/wp-content\/uploads\/2026\/03\/inskape-1-768x768.png 768w, https:\/\/www.jsmc.be\/wp\/wp-content\/uploads\/2026\/03\/inskape-1.png 1080w\" sizes=\"(max-width: 1024px) 100vw, 1024px\" \/><\/figure>\n\n\n\n<div data-wp-interactive=\"core\/file\" class=\"wp-block-file\"><object data-wp-bind--hidden=\"!state.hasPdfPreview\"  class=\"wp-block-file__embed\" data=\"https:\/\/www.jsmc.be\/wp\/wp-content\/uploads\/2026\/04\/F4856-Meeting-BPM-JSMC_Resultats.pdf\" type=\"application\/pdf\" style=\"width:100%;height:600px\" aria-label=\"Contenu embarqu\u00e9 F4856-Meeting-BPM-JSMC_Resultats.\"><\/object><a id=\"wp-block-file--media-a617b4c2-8d90-4d5f-8676-5dca22b21723\" href=\"https:\/\/www.jsmc.be\/wp\/wp-content\/uploads\/2026\/04\/F4856-Meeting-BPM-JSMC_Resultats.pdf\">F4856-Meeting-BPM-JSMC_Resultats<\/a><a href=\"https:\/\/www.jsmc.be\/wp\/wp-content\/uploads\/2026\/04\/F4856-Meeting-BPM-JSMC_Resultats.pdf\" class=\"wp-block-file__button wp-element-button\" download aria-describedby=\"wp-block-file--media-a617b4c2-8d90-4d5f-8676-5dca22b21723\">T\u00e9l\u00e9charger<\/a><\/div>\n\n\n\n<figure class=\"wp-block-image size-large is-resized actug\"><img loading=\"lazy\" decoding=\"async\" width=\"1024\" height=\"576\" src=\"http:\/\/www.jsmc.be\/wp\/wp-content\/uploads\/2026\/01\/groupe-1024x576.jpg\" alt=\"\" class=\"wp-image-13375\" style=\"width:612px;height:auto\" srcset=\"https:\/\/www.jsmc.be\/wp\/wp-content\/uploads\/2026\/01\/groupe-1024x576.jpg 1024w, https:\/\/www.jsmc.be\/wp\/wp-content\/uploads\/2026\/01\/groupe-300x169.jpg 300w, https:\/\/www.jsmc.be\/wp\/wp-content\/uploads\/2026\/01\/groupe-150x84.jpg 150w, https:\/\/www.jsmc.be\/wp\/wp-content\/uploads\/2026\/01\/groupe-768x432.jpg 768w, https:\/\/www.jsmc.be\/wp\/wp-content\/uploads\/2026\/01\/groupe-1200x675.jpg 1200w, https:\/\/www.jsmc.be\/wp\/wp-content\/uploads\/2026\/01\/groupe.jpg 1440w\" sizes=\"(max-width: 1024px) 100vw, 1024px\" \/><figcaption class=\"wp-element-caption\">JSMC &#8211; Club d&#8217;athl\u00e9tisme \u00e0 Mouscron<\/figcaption><\/figure>\n\n\n\n<div class=\"wp-block-columns is-layout-flex wp-container-core-columns-is-layout-1 wp-block-columns-is-layout-flex\">\n<div class=\"wp-block-column carte-verte is-layout-flow wp-block-column-is-layout-flow\">\n<h6 class=\"wp-block-heading\"><a href=\"https:\/\/www.jsmc.be\/wp\/?page_id=13339\" data-type=\"page\" data-id=\"13339\">INSCRIPTION<\/a><\/h6>\n<\/div>\n\n\n\n<div class=\"wp-block-column carte-verte is-layout-flow wp-block-column-is-layout-flow\">\n<h6 class=\"wp-block-heading\"><a href=\"https:\/\/www.jsmc.be\/wp\/?page_id=10767\" data-type=\"page\" data-id=\"10767\">HORAIRES<\/a><\/h6>\n<\/div>\n\n\n\n<div class=\"wp-block-column carte-verte is-layout-flow wp-block-column-is-layout-flow\">\n<h6 class=\"wp-block-heading\"><a href=\"https:\/\/www.jsmc.be\/wp\/?page_id=10743\" data-type=\"page\" data-id=\"10743\">CONTACT \/ ACC\u00c8S<\/a><\/h6>\n<\/div>\n<\/div>\n\n\n\n<div class=\"wp-block-columns is-layout-flex wp-container-core-columns-is-layout-2 wp-block-columns-is-layout-flex\">\n<div class=\"wp-block-column is-layout-flow wp-block-column-is-layout-flow\">\n<figure class=\"wp-block-image size-large actug\"><img loading=\"lazy\" decoding=\"async\" width=\"1024\" height=\"680\" src=\"http:\/\/www.jsmc.be\/wp\/wp-content\/uploads\/2026\/01\/DSC098601-1024x680.jpg\" alt=\"\" class=\"wp-image-13481\" style=\"aspect-ratio:4\/3;object-fit:cover\" srcset=\"https:\/\/www.jsmc.be\/wp\/wp-content\/uploads\/2026\/01\/DSC098601-1024x680.jpg 1024w, https:\/\/www.jsmc.be\/wp\/wp-content\/uploads\/2026\/01\/DSC098601-300x199.jpg 300w, https:\/\/www.jsmc.be\/wp\/wp-content\/uploads\/2026\/01\/DSC098601-150x100.jpg 150w, https:\/\/www.jsmc.be\/wp\/wp-content\/uploads\/2026\/01\/DSC098601-768x510.jpg 768w, https:\/\/www.jsmc.be\/wp\/wp-content\/uploads\/2026\/01\/DSC098601-1536x1021.jpg 1536w, https:\/\/www.jsmc.be\/wp\/wp-content\/uploads\/2026\/01\/DSC098601-2048x1361.jpg 2048w, https:\/\/www.jsmc.be\/wp\/wp-content\/uploads\/2026\/01\/DSC098601-1200x797.jpg 1200w, https:\/\/www.jsmc.be\/wp\/wp-content\/uploads\/2026\/01\/DSC098601-1980x1316.jpg 1980w, https:\/\/www.jsmc.be\/wp\/wp-content\/uploads\/2026\/01\/DSC098601-272x182.jpg 272w\" sizes=\"(max-width: 1024px) 100vw, 1024px\" \/><figcaption class=\"wp-element-caption\">D\u00e8s 6 ans, rejoignez les kangourous, benjamins, pupilles ou minimes pour d\u00e9couvrir l&#8217;athl\u00e9tisme, s&#8217;amuser, progresser et participer \u00e0 des comp\u00e9titions gr\u00e2ce \u00e0 deux entrainements par semaine<\/figcaption><\/figure>\n<\/div>\n\n\n\n<div class=\"wp-block-column is-layout-flow wp-block-column-is-layout-flow\">\n<figure class=\"wp-block-image size-large actug\"><img loading=\"lazy\" decoding=\"async\" width=\"1024\" height=\"680\" src=\"http:\/\/www.jsmc.be\/wp\/wp-content\/uploads\/2026\/01\/DSC01889-1024x680.jpg\" alt=\"\" class=\"wp-image-13439\" style=\"aspect-ratio:4\/3;object-fit:cover\" srcset=\"https:\/\/www.jsmc.be\/wp\/wp-content\/uploads\/2026\/01\/DSC01889-1024x680.jpg 1024w, https:\/\/www.jsmc.be\/wp\/wp-content\/uploads\/2026\/01\/DSC01889-300x199.jpg 300w, https:\/\/www.jsmc.be\/wp\/wp-content\/uploads\/2026\/01\/DSC01889-150x100.jpg 150w, https:\/\/www.jsmc.be\/wp\/wp-content\/uploads\/2026\/01\/DSC01889-768x510.jpg 768w, https:\/\/www.jsmc.be\/wp\/wp-content\/uploads\/2026\/01\/DSC01889-1536x1021.jpg 1536w, https:\/\/www.jsmc.be\/wp\/wp-content\/uploads\/2026\/01\/DSC01889-2048x1361.jpg 2048w, https:\/\/www.jsmc.be\/wp\/wp-content\/uploads\/2026\/01\/DSC01889-1200x797.jpg 1200w, https:\/\/www.jsmc.be\/wp\/wp-content\/uploads\/2026\/01\/DSC01889-1980x1316.jpg 1980w, https:\/\/www.jsmc.be\/wp\/wp-content\/uploads\/2026\/01\/DSC01889-272x182.jpg 272w\" sizes=\"(max-width: 1024px) 100vw, 1024px\" \/><figcaption class=\"wp-element-caption\">\u00c0 partir de 14 ans, les athl\u00e8tes peuvent se sp\u00e9cialiser dans la discipline de leur choix et progresser techniquement et physiquement \u00e0 travers des entra\u00eenements r\u00e9guliers et des comp\u00e9titions<\/figcaption><\/figure>\n<\/div>\n<\/div>\n\n\n\n<h6 class=\"wp-block-heading has-text-align-center carte-verte has-accent-color has-subtle-background-background-color has-text-color has-background has-link-color wp-elements-12e217ffe28b1aa0e476a6799ff5749c\">PROCHAINS \u00e9v\u00e8nements :<\/h6>\n\n\n<div class=\"em em-view-container\" id=\"em-view-1975444543\" data-view=\"list\">\r\n\t<div class=\"em pixelbones em-list em-events-list\" id=\"em-events-list-1975444543\" data-view-id=\"1975444543\">\r\n\t<div class=\"em-event em-item \">\r\n\r\n\t<div class=\"em-item-right\">\r\n\t\t<h3 class=\"em-item-title\">Interclubs TC &#8211; Division I<\/h3>\r\n\r\n\t\t<div class=\"em-item-meta\">\r\n\t\t\t<div class=\"em-item-meta-line\">\r\n\t\t\t\t<span class=\"em-date-full\">samedi 16 mai 2026<\/span>\r\n\t\t\t<\/div>\t\r\n\t\t<\/div>\r\n\r\n\t\t<div class=\"em-item-desc\">\r\n\t\t\tInterclubs pour les athl\u00e8tes \u00e0 partir de cadets \u00e0 Bertrix (BBS)\r\n\t\t<\/div>\r\n\t<\/div> \r\n<\/div><div class=\"em-event em-item \">\r\n\r\n\t<div class=\"em-item-right\">\r\n\t\t<h3 class=\"em-item-title\">Interclubs Cadets-Scolaires &#8211; Division II<\/h3>\r\n\r\n\t\t<div class=\"em-item-meta\">\r\n\t\t\t<div class=\"em-item-meta-line\">\r\n\t\t\t\t<span class=\"em-date-full\">samedi 30 mai 2026<\/span>\r\n\t\t\t<\/div>\t\r\n\t\t<\/div>\r\n\r\n\t\t<div class=\"em-item-desc\">\r\n\t\t\tInterclubs pour l'ensemble des athl\u00e8tes cadets-scolaires \u00e0 Gaurain (RUSTA)\r\n\t\t<\/div>\r\n\t<\/div> \r\n<\/div>\t<\/div>\r\n<\/div>\n\n\n\n<h6 class=\"wp-block-heading has-text-align-center carte-verte has-accent-color has-subtle-background-background-color has-text-color has-background has-link-color wp-elements-51e9f29fab4ddde78c9ec8c0e7adbe01\">Derni\u00e8res ACTUS :<\/h6>\n\n\n\n<div class=\"wp-block-query recap-actus is-layout-flow wp-block-query-is-layout-flow\">\n<div class=\"wp-block-columns alignwide is-layout-flex wp-container-core-columns-is-layout-3 wp-block-columns-is-layout-flex\">\n<div class=\"wp-block-column is-vertically-aligned-top is-layout-flow wp-block-column-is-layout-flow\" style=\"flex-basis:100%\">\n<div class=\"wp-block-group\"><div class=\"wp-block-group__inner-container is-layout-constrained wp-block-group-is-layout-constrained\"><ul class=\"wp-block-latest-posts__list is-grid columns-3 wp-block-latest-posts\"><li><a class=\"wp-block-latest-posts__post-title\" href=\"https:\/\/www.jsmc.be\/wp\/?p=13789\">Meeting &#8211; JSMC<\/a><div class=\"wp-block-latest-posts__post-excerpt\">Le samedi 11 avril, la JSMC organise son meeting annuel \u00e0 destination des benjamins-pupilles-minimes. L&#8217;inscription est de 1\u20ac\/\u00e9preuve et gratuite\u2026 <a href=\"https:\/\/www.jsmc.be\/wp\/?p=13789\" rel=\"noopener noreferrer\">Lire la suite<span class=\"screen-reader-text\">\u00a0: Meeting &#8211; JSMC<\/span><\/a><\/div><\/li>\n<li><a class=\"wp-block-latest-posts__post-title\" href=\"https:\/\/www.jsmc.be\/wp\/?p=13743\">Stage de Carnaval<\/a><div class=\"wp-block-latest-posts__post-excerpt\">Lors des derni\u00e8res vacances, le club a organis\u00e9 un stage. Voici un aper\u00e7u en vid\u00e9o<\/div><\/li>\n<li><a class=\"wp-block-latest-posts__post-title\" href=\"https:\/\/www.jsmc.be\/wp\/?p=13711\">Repas du club<\/a><div class=\"wp-block-latest-posts__post-excerpt\">Le club vous convie \u00e0 son repas p\u00e2tes annuel le vendredi 20 mars \u00e0 partir de 19h \u00e0 la buvette\u2026 <a href=\"https:\/\/www.jsmc.be\/wp\/?p=13711\" rel=\"noopener noreferrer\">Lire la suite<span class=\"screen-reader-text\">\u00a0: Repas du club<\/span><\/a><\/div><\/li>\n<\/ul><\/div><\/div>\n<\/div>\n<\/div>\n<\/div>\n","protected":false},"excerpt":{"rendered":"<p>Merci \u00e0 tous pour votre pr\u00e9sence \u00e0 notre comp\u00e9tition du 11 avril. Ci-dessous, voici les r\u00e9sultats en PDF. Ils seront \u00e9galement disponible durant la semaine sur BeAthletics ! INSCRIPTION HORAIRES CONTACT \/ ACC\u00c8S PROCHAINS \u00e9v\u00e8nements : Derni\u00e8res ACTUS :<\/p>\n","protected":false},"author":1,"featured_media":0,"parent":0,"menu_order":0,"comment_status":"closed","ping_status":"closed","template":"","meta":{"sfsi_plus_gutenberg_text_before_share":"","sfsi_plus_gutenberg_show_text_before_share":"","sfsi_plus_gutenberg_icon_type":"","sfsi_plus_gutenberg_icon_alignemt":"","sfsi_plus_gutenburg_max_per_row":"","footnotes":""},"_links":{"self":[{"href":"https:\/\/www.jsmc.be\/wp\/index.php?rest_route=\/wp\/v2\/pages\/13329"}],"collection":[{"href":"https:\/\/www.jsmc.be\/wp\/index.php?rest_route=\/wp\/v2\/pages"}],"about":[{"href":"https:\/\/www.jsmc.be\/wp\/index.php?rest_route=\/wp\/v2\/types\/page"}],"author":[{"embeddable":true,"href":"https:\/\/www.jsmc.be\/wp\/index.php?rest_route=\/wp\/v2\/users\/1"}],"replies":[{"embeddable":true,"href":"https:\/\/www.jsmc.be\/wp\/index.php?rest_route=%2Fwp%2Fv2%2Fcomments&post=13329"}],"version-history":[{"count":42,"href":"https:\/\/www.jsmc.be\/wp\/index.php?rest_route=\/wp\/v2\/pages\/13329\/revisions"}],"predecessor-version":[{"id":13811,"href":"https:\/\/www.jsmc.be\/wp\/index.php?rest_route=\/wp\/v2\/pages\/13329\/revisions\/13811"}],"wp:attachment":[{"href":"https:\/\/www.jsmc.be\/wp\/index.php?rest_route=%2Fwp%2Fv2%2Fmedia&parent=13329"}],"curies":[{"name":"wp","href":"https:\/\/api.w.org\/{rel}","templated":true}]}}