{"id":13339,"date":"2026-01-26T13:29:44","date_gmt":"2026-01-26T13:29:44","guid":{"rendered":"https:\/\/www.jsmc.be\/wp\/?page_id=13339"},"modified":"2026-01-26T14:05:00","modified_gmt":"2026-01-26T14:05:00","slug":"inscriptions","status":"publish","type":"page","link":"https:\/\/www.jsmc.be\/wp\/?page_id=13339","title":{"rendered":"Inscriptions"},"content":{"rendered":"\n<div class=\"wp-block-group carte-vert\"><div class=\"wp-block-group__inner-container is-layout-constrained wp-block-group-is-layout-constrained\">\n<p>Vous souhaitez pratiquer l&#8217;athl\u00e9tisme ? Voici comment vous inscrire \u00e0 la JSMC.<\/p>\n\n\n\n<p><a href=\"https:\/\/www.jsmc.be\/wp\/?page_id=10767\" data-type=\"page\" data-id=\"10767\">Le club propose groupes d&#8217;entra\u00eenements. Vous pouvez consulter les diff\u00e9rentes cat\u00e9gories ainsi que leurs horaires en cliquant ici.<\/a><\/p>\n\n\n\n<p>Lors de votre arriv\u00e9e au sein du club, vous b\u00e9n\u00e9ficiez de trois s\u00e9ances d&#8217;essai gratuites. A l&#8217;issue de ces s\u00e9ances, l&#8217;affiliation sera n\u00e9cessaire pour poursuivre la pratique.<\/p>\n\n\n\n<p><a href=\"https:\/\/docs.google.com\/forms\/d\/e\/1FAIpQLSfX8JBomxJ24Zs55IHQPsAn1DW9_PpLINOES7Gohq5MndWZBw\/viewform\" data-type=\"link\" data-id=\"https:\/\/docs.google.com\/forms\/d\/e\/1FAIpQLSfX8JBomxJ24Zs55IHQPsAn1DW9_PpLINOES7Gohq5MndWZBw\/viewform\" target=\"_blank\" rel=\"noreferrer noopener\">Pour s&#8217;affilier il vous suffit de suivre le tutoriel ci-dessous et cliquer ici pour avoir le formulaire d&#8217;inscription<\/a>.<\/p>\n\n\n\n<p><a href=\"https:\/\/www.jsmc.be\/wp\/?page_id=10631\" data-type=\"page\" data-id=\"10631\">Cliquez ici pour avoir les tarifs par cat\u00e9gorie<\/a><\/p>\n\n\n\n<p>Pour toute question ou demande de renseignements, vous pouvez contacter le secr\u00e9tariat \u00e0 l\u2019adresse suivante: secretariat@jsmc.be<\/p>\n<\/div><\/div>\n\n\n\n<figure class=\"wp-block-image size-full\"><img loading=\"lazy\" decoding=\"async\" width=\"675\" height=\"803\" src=\"http:\/\/www.jsmc.be\/wp\/wp-content\/uploads\/2025\/08\/inscri2526.jpg\" alt=\"\" class=\"wp-image-10991\" srcset=\"https:\/\/www.jsmc.be\/wp\/wp-content\/uploads\/2025\/08\/inscri2526.jpg 675w, https:\/\/www.jsmc.be\/wp\/wp-content\/uploads\/2025\/08\/inscri2526-252x300.jpg 252w, https:\/\/www.jsmc.be\/wp\/wp-content\/uploads\/2025\/08\/inscri2526-126x150.jpg 126w\" sizes=\"(max-width: 675px) 100vw, 675px\" \/><\/figure>\n","protected":false},"excerpt":{"rendered":"<p>Vous souhaitez pratiquer l&#8217;athl\u00e9tisme ? Voici comment vous inscrire \u00e0 la JSMC. Le club propose groupes d&#8217;entra\u00eenements. Vous pouvez consulter les diff\u00e9rentes cat\u00e9gories ainsi que leurs horaires en cliquant ici. Lors de votre arriv\u00e9e au sein du club, vous b\u00e9n\u00e9ficiez de trois s\u00e9ances d&#8217;essai gratuites. A l&#8217;issue de ces s\u00e9ances, l&#8217;affiliation sera n\u00e9cessaire pour poursuivre [&hellip;]<\/p>\n","protected":false},"author":1,"featured_media":0,"parent":0,"menu_order":0,"comment_status":"closed","ping_status":"closed","template":"","meta":{"sfsi_plus_gutenberg_text_before_share":"","sfsi_plus_gutenberg_show_text_before_share":"","sfsi_plus_gutenberg_icon_type":"","sfsi_plus_gutenberg_icon_alignemt":"","sfsi_plus_gutenburg_max_per_row":"","footnotes":""},"_links":{"self":[{"href":"https:\/\/www.jsmc.be\/wp\/index.php?rest_route=\/wp\/v2\/pages\/13339"}],"collection":[{"href":"https:\/\/www.jsmc.be\/wp\/index.php?rest_route=\/wp\/v2\/pages"}],"about":[{"href":"https:\/\/www.jsmc.be\/wp\/index.php?rest_route=\/wp\/v2\/types\/page"}],"author":[{"embeddable":true,"href":"https:\/\/www.jsmc.be\/wp\/index.php?rest_route=\/wp\/v2\/users\/1"}],"replies":[{"embeddable":true,"href":"https:\/\/www.jsmc.be\/wp\/index.php?rest_route=%2Fwp%2Fv2%2Fcomments&post=13339"}],"version-history":[{"count":4,"href":"https:\/\/www.jsmc.be\/wp\/index.php?rest_route=\/wp\/v2\/pages\/13339\/revisions"}],"predecessor-version":[{"id":13371,"href":"https:\/\/www.jsmc.be\/wp\/index.php?rest_route=\/wp\/v2\/pages\/13339\/revisions\/13371"}],"wp:attachment":[{"href":"https:\/\/www.jsmc.be\/wp\/index.php?rest_route=%2Fwp%2Fv2%2Fmedia&parent=13339"}],"curies":[{"name":"wp","href":"https:\/\/api.w.org\/{rel}","templated":true}]}}