{"id":13679,"date":"2026-01-29T10:39:45","date_gmt":"2026-01-29T10:39:45","guid":{"rendered":"https:\/\/www.jsmc.be\/wp\/?page_id=13679"},"modified":"2026-02-08T17:53:46","modified_gmt":"2026-02-08T17:53:46","slug":"officiels","status":"publish","type":"page","link":"https:\/\/www.jsmc.be\/wp\/?page_id=13679","title":{"rendered":"Officiels"},"content":{"rendered":"\n<div class=\"wp-block-group carte-vert\"><div class=\"wp-block-group__inner-container is-layout-constrained wp-block-group-is-layout-constrained\">\n<p>L\u2019athl\u00e9tisme vous passionne, vous aimez les contacts et savez prendre des d\u00e9cisions ?<br>Que vous soyez parent, ancien athl\u00e8te ou supporter, un arbitre (officiel) sommeille peut-\u00eatre en vous ?<\/p>\n\n\n\n<p>D\u00e8s 16 ans, une carri\u00e8re d\u2019officiel s\u2019offre \u00e0 vous. Une formation de 2h permet d\u2019aborder les r\u00e8gles de base ainsi qu\u2019une interview avec le d\u00e9signateur provincial. A la suite de cette formation, vous pourrez commencer vos premi\u00e8res comp\u00e9titions sous la responsabilit\u00e9 d\u2019un officiel exp\u00e9riment\u00e9. La formation se poursuivra sur le terrain.<\/p>\n\n\n\n<p>Pas beaucoup de temps ? Aucun souci : le d\u00e9signateur vous convoquera les jours o\u00f9 vous \u00eates libres.<\/p>\n\n\n\n<p>Quels sont les avantages ? En tant qu\u2019officiel, vous aurez acc\u00e8s \u00e0 presque toutes les comp\u00e9titions belges et lorsque vous \u00eates officiel, vous recevez un d\u00e9fraiement ainsi que vos frais de d\u00e9placement.<\/p>\n\n\n\n<p>L\u2019athl\u00e9 a besoin d\u2019officiels pour fonctionner alors rejoignez nous et inscrivez vous \u00e0 la prochaine formation du d\u00e9signateur provincial ! Informations aupr\u00e8s du secr\u00e9taire du club.<\/p>\n<\/div><\/div>\n\n\n\n<table id=\"tablepress-36\" class=\"tablepress tablepress-id-36 table-comite\">\n<thead>\n<tr class=\"row-1 odd\">\n\t<th colspan=\"2\" class=\"column-1\">Nos officiels<\/th>\n<\/tr>\n<\/thead>\n<tbody class=\"row-hover\">\n<tr class=\"row-2 even\">\n\t<td class=\"column-1\">Matthieu D'Halluin<br \/>\n<\/td><td class=\"column-2\">Niveau I<\/td>\n<\/tr>\n<tr class=\"row-3 odd\">\n\t<td class=\"column-1\">Benoit Pape<\/td><td class=\"column-2\">Niveau I<\/td>\n<\/tr>\n<tr class=\"row-4 even\">\n\t<td class=\"column-1\">Guillaume Zaffuto<\/td><td class=\"column-2\">Niveau I<\/td>\n<\/tr>\n<tr class=\"row-5 odd\">\n\t<td class=\"column-1\">Ethan Dumont<\/td><td class=\"column-2\">Niveau I<\/td>\n<\/tr>\n<tr class=\"row-6 even\">\n\t<td class=\"column-1\">Charles Seynave<\/td><td class=\"column-2\">Niveau I<\/td>\n<\/tr>\n<tr class=\"row-7 odd\">\n\t<td class=\"column-1\">Nathan Claus<\/td><td class=\"column-2\">Niveau I<\/td>\n<\/tr>\n<tr class=\"row-8 even\">\n\t<td class=\"column-1\">Djamila Anganda<\/td><td class=\"column-2\">Niveau I<\/td>\n<\/tr>\n<tr class=\"row-9 odd\">\n\t<td class=\"column-1\">Antoine Dudek<\/td><td class=\"column-2\">Niveau I<\/td>\n<\/tr>\n<tr class=\"row-10 even\">\n\t<td class=\"column-1\">Alexandre Wyseur<\/td><td class=\"column-2\">Niveau I<\/td>\n<\/tr>\n<tr class=\"row-11 odd\">\n\t<td class=\"column-1\">Thomas Lefebvre<\/td><td class=\"column-2\">Niveau I<\/td>\n<\/tr>\n<tr class=\"row-12 even\">\n\t<td class=\"column-1\">Lucie Crahay<\/td><td class=\"column-2\">Niveau I<\/td>\n<\/tr>\n<tr class=\"row-13 odd\">\n\t<td class=\"column-1\">Tatiana Stellian<\/td><td class=\"column-2\">Niveau I<\/td>\n<\/tr>\n<tr class=\"row-14 even\">\n\t<td class=\"column-1\">S\u00e9bastien Vercleven<\/td><td class=\"column-2\">Niveau I<\/td>\n<\/tr>\n<tr class=\"row-15 odd\">\n\t<td class=\"column-1\">Hugues Dumont<\/td><td class=\"column-2\">Juge National Athl\u00e9tisme<\/td>\n<\/tr>\n<tr class=\"row-16 even\">\n\t<td class=\"column-1\">Thomas Mariaul<\/td><td class=\"column-2\">Juge National Athl\u00e9tisme<\/td>\n<\/tr>\n<\/tbody>\n<\/table>\n<!-- #tablepress-36 from cache -->\n","protected":false},"excerpt":{"rendered":"<p>L\u2019athl\u00e9tisme vous passionne, vous aimez les contacts et savez prendre des d\u00e9cisions ?Que vous soyez parent, ancien athl\u00e8te ou supporter, un arbitre (officiel) sommeille peut-\u00eatre en vous ? D\u00e8s 16 ans, une carri\u00e8re d\u2019officiel s\u2019offre \u00e0 vous. Une formation de 2h permet d\u2019aborder les r\u00e8gles de base ainsi qu\u2019une interview avec le d\u00e9signateur provincial. A [&hellip;]<\/p>\n","protected":false},"author":1,"featured_media":0,"parent":0,"menu_order":0,"comment_status":"closed","ping_status":"closed","template":"","meta":{"sfsi_plus_gutenberg_text_before_share":"","sfsi_plus_gutenberg_show_text_before_share":"","sfsi_plus_gutenberg_icon_type":"","sfsi_plus_gutenberg_icon_alignemt":"","sfsi_plus_gutenburg_max_per_row":"","footnotes":""},"_links":{"self":[{"href":"https:\/\/www.jsmc.be\/wp\/index.php?rest_route=\/wp\/v2\/pages\/13679"}],"collection":[{"href":"https:\/\/www.jsmc.be\/wp\/index.php?rest_route=\/wp\/v2\/pages"}],"about":[{"href":"https:\/\/www.jsmc.be\/wp\/index.php?rest_route=\/wp\/v2\/types\/page"}],"author":[{"embeddable":true,"href":"https:\/\/www.jsmc.be\/wp\/index.php?rest_route=\/wp\/v2\/users\/1"}],"replies":[{"embeddable":true,"href":"https:\/\/www.jsmc.be\/wp\/index.php?rest_route=%2Fwp%2Fv2%2Fcomments&post=13679"}],"version-history":[{"count":3,"href":"https:\/\/www.jsmc.be\/wp\/index.php?rest_route=\/wp\/v2\/pages\/13679\/revisions"}],"predecessor-version":[{"id":13709,"href":"https:\/\/www.jsmc.be\/wp\/index.php?rest_route=\/wp\/v2\/pages\/13679\/revisions\/13709"}],"wp:attachment":[{"href":"https:\/\/www.jsmc.be\/wp\/index.php?rest_route=%2Fwp%2Fv2%2Fmedia&parent=13679"}],"curies":[{"name":"wp","href":"https:\/\/api.w.org\/{rel}","templated":true}]}}