{"id":14,"date":"2016-10-24T19:57:07","date_gmt":"2016-10-24T19:57:07","guid":{"rendered":"http:\/\/localhost\/?page_id=14"},"modified":"2026-01-27T10:20:08","modified_gmt":"2026-01-27T10:20:08","slug":"competitions","status":"publish","type":"page","link":"https:\/\/www.jsmc.be\/wp\/?page_id=14","title":{"rendered":"Comp\u00e9titions"},"content":{"rendered":"\n<div class=\"wp-block-group carte-vert\"><div class=\"wp-block-group__inner-container is-layout-constrained wp-block-group-is-layout-constrained\">\n<p>Dans cette section, vous pouvez retrouver toutes les infos sur les comp\u00e9titions, le calendrier ainsi que les liens vers les r\u00e9sultats<\/p>\n\n\n\n<p>Attention, pour participer il faut \u00eatre en ordre administratif et avoir son dossard sur place<\/p>\n\n\n\n<p>Pour certaines comp\u00e9titions, vous devez vous inscrire vous m\u00eame via la plateforme Atletiek.nu, voici un petit tutoriel pour vous aider:<\/p>\n\n\n\n<div class=\"wp-block-file\"><a id=\"wp-block-file--media-ef6cb53a-9ff4-4927-9436-49fe367fd29a\" href=\"http:\/\/www.jsmc.be\/wp\/wp-content\/uploads\/2025\/01\/Guide-athletiek.nu_.pdf\" target=\"_blank\" rel=\"noreferrer noopener\">Guide atletiek.nu<\/a><\/div>\n\n\n\n<p>Voici \u00e9galement deux sites internet pour retrouver les r\u00e9sultats: <\/p>\n\n\n\n<p><a href=\"https:\/\/www.beathletics.be\/home\" data-type=\"link\" data-id=\"https:\/\/www.beathletics.be\/home\" target=\"_blank\" rel=\"noreferrer noopener\">BeAthletics<\/a><\/p>\n\n\n\n<p><a href=\"https:\/\/www.atletiek.nu\/\" target=\"_blank\" rel=\"noreferrer noopener\">Atletiek.nu<\/a><\/p>\n<\/div><\/div>\n\n\n<div class=\"em em-view-container\" id=\"em-view-858459833\" data-view=\"list\">\r\n\t<div class=\"em pixelbones em-list em-events-list\" id=\"em-events-list-858459833\" data-view-id=\"858459833\">\r\n\t<div class=\"em-event em-item \">\r\n\r\n\t<div class=\"em-item-right\">\r\n\t\t<h3 class=\"em-item-title\">Interclubs TC &#8211; Division I<\/h3>\r\n\r\n\t\t<div class=\"em-item-meta\">\r\n\t\t\t<div class=\"em-item-meta-line\">\r\n\t\t\t\t<span class=\"em-date-full\">samedi 16 mai 2026<\/span>\r\n\t\t\t<\/div>\t\r\n\t\t<\/div>\r\n\r\n\t\t<div class=\"em-item-desc\">\r\n\t\t\tInterclubs pour les athl\u00e8tes \u00e0 partir de cadets \u00e0 Bertrix (BBS)\r\n\t\t<\/div>\r\n\t<\/div> \r\n<\/div><div class=\"em-event em-item \">\r\n\r\n\t<div class=\"em-item-right\">\r\n\t\t<h3 class=\"em-item-title\">Interclubs Cadets-Scolaires &#8211; Division II<\/h3>\r\n\r\n\t\t<div class=\"em-item-meta\">\r\n\t\t\t<div class=\"em-item-meta-line\">\r\n\t\t\t\t<span class=\"em-date-full\">samedi 30 mai 2026<\/span>\r\n\t\t\t<\/div>\t\r\n\t\t<\/div>\r\n\r\n\t\t<div class=\"em-item-desc\">\r\n\t\t\tInterclubs pour l'ensemble des athl\u00e8tes cadets-scolaires \u00e0 Gaurain (RUSTA)\r\n\t\t<\/div>\r\n\t<\/div> \r\n<\/div>\t<\/div>\r\n<\/div>\n","protected":false},"excerpt":{"rendered":"<p>Dans cette section, vous pouvez retrouver toutes les infos sur les comp\u00e9titions, le calendrier ainsi que les liens vers les r\u00e9sultats Attention, pour participer il faut \u00eatre en ordre administratif et avoir son dossard sur place Pour certaines comp\u00e9titions, vous devez vous inscrire vous m\u00eame via la plateforme Atletiek.nu, voici un petit tutoriel pour vous [&hellip;]<\/p>\n","protected":false},"author":1,"featured_media":0,"parent":0,"menu_order":2,"comment_status":"closed","ping_status":"closed","template":"","meta":{"sfsi_plus_gutenberg_text_before_share":"","sfsi_plus_gutenberg_show_text_before_share":"","sfsi_plus_gutenberg_icon_type":"","sfsi_plus_gutenberg_icon_alignemt":"","sfsi_plus_gutenburg_max_per_row":"","footnotes":""},"_links":{"self":[{"href":"https:\/\/www.jsmc.be\/wp\/index.php?rest_route=\/wp\/v2\/pages\/14"}],"collection":[{"href":"https:\/\/www.jsmc.be\/wp\/index.php?rest_route=\/wp\/v2\/pages"}],"about":[{"href":"https:\/\/www.jsmc.be\/wp\/index.php?rest_route=\/wp\/v2\/types\/page"}],"author":[{"embeddable":true,"href":"https:\/\/www.jsmc.be\/wp\/index.php?rest_route=\/wp\/v2\/users\/1"}],"replies":[{"embeddable":true,"href":"https:\/\/www.jsmc.be\/wp\/index.php?rest_route=%2Fwp%2Fv2%2Fcomments&post=14"}],"version-history":[{"count":20,"href":"https:\/\/www.jsmc.be\/wp\/index.php?rest_route=\/wp\/v2\/pages\/14\/revisions"}],"predecessor-version":[{"id":13649,"href":"https:\/\/www.jsmc.be\/wp\/index.php?rest_route=\/wp\/v2\/pages\/14\/revisions\/13649"}],"wp:attachment":[{"href":"https:\/\/www.jsmc.be\/wp\/index.php?rest_route=%2Fwp%2Fv2%2Fmedia&parent=14"}],"curies":[{"name":"wp","href":"https:\/\/api.w.org\/{rel}","templated":true}]}}